{"id":1617,"date":"2023-06-12T12:35:21","date_gmt":"2023-06-12T12:35:21","guid":{"rendered":"http:\/\/ec2-18-229-160-1.sa-east-1.compute.amazonaws.com\/?page_id=1617"},"modified":"2023-07-31T13:56:50","modified_gmt":"2023-07-31T13:56:50","slug":"dia-20-domingo","status":"publish","type":"page","link":"https:\/\/shimanofest.com.br\/index.php\/atracoes\/auditorio-diversidade\/dia-20-domingo\/","title":{"rendered":"Dia 20 | Domingo"},"content":{"rendered":"\t\t<div data-elementor-type=\"wp-page\" data-elementor-id=\"1617\" class=\"elementor elementor-1617\">\n\t\t\t\t\t\t\t<div class=\"elementor-element elementor-element-4c3bda0 e-con-boxed e-flex e-con\" data-id=\"4c3bda0\" data-element_type=\"container\" data-settings=\"{&quot;background_background&quot;:&quot;classic&quot;,&quot;content_width&quot;:&quot;boxed&quot;}\">\n\t\t\t\t\t<div class=\"e-con-inner\">\n\t\t<div class=\"elementor-element elementor-element-b7abd17 e-con-full e-flex e-con\" data-id=\"b7abd17\" data-element_type=\"container\" data-settings=\"{&quot;content_width&quot;:&quot;full&quot;}\">\n\t\t\t\t<div class=\"elementor-element elementor-element-4bcaf36 elementor-widget elementor-widget-heading\" data-id=\"4bcaf36\" data-element_type=\"widget\" data-widget_type=\"heading.default\">\n\t\t\t\t<div class=\"elementor-widget-container\">\n\t\t\t<style>\/*! elementor - v3.13.2 - 11-05-2023 *\/\n.elementor-heading-title{padding:0;margin:0;line-height:1}.elementor-widget-heading .elementor-heading-title[class*=elementor-size-]>a{color:inherit;font-size:inherit;line-height:inherit}.elementor-widget-heading .elementor-heading-title.elementor-size-small{font-size:15px}.elementor-widget-heading .elementor-heading-title.elementor-size-medium{font-size:19px}.elementor-widget-heading .elementor-heading-title.elementor-size-large{font-size:29px}.elementor-widget-heading .elementor-heading-title.elementor-size-xl{font-size:39px}.elementor-widget-heading .elementor-heading-title.elementor-size-xxl{font-size:59px}<\/style><h2 class=\"elementor-heading-title elementor-size-default\">Audit\u00f3rio Diversidade<\/h2>\t\t<\/div>\n\t\t\t\t<\/div>\n\t\t\t\t<div class=\"elementor-element elementor-element-3af2778 elementor-align-left elementor-widget elementor-widget-breadcrumbs\" data-id=\"3af2778\" data-element_type=\"widget\" data-widget_type=\"breadcrumbs.default\">\n\t\t\t\t<div class=\"elementor-widget-container\">\n\t\t\t<link rel=\"stylesheet\" href=\"https:\/\/shimanofest.com.br\/wp-content\/plugins\/pro-elements\/assets\/css\/widget-theme-elements.min.css\"><p id=\"breadcrumbs\"><span><span><a href=\"https:\/\/shimanofest.com.br\/\">Home<\/a><\/span><\/span><\/p>\t\t<\/div>\n\t\t\t\t<\/div>\n\t\t\t\t<\/div>\n\t\t<div class=\"elementor-element elementor-element-f9e0031 e-con-full content-box e-flex e-con\" data-id=\"f9e0031\" data-element_type=\"container\" data-settings=\"{&quot;content_width&quot;:&quot;full&quot;,&quot;background_background&quot;:&quot;classic&quot;}\">\n\t\t<div class=\"elementor-element elementor-element-71374b6 e-con-full e-flex e-con\" data-id=\"71374b6\" data-element_type=\"container\" data-settings=\"{&quot;content_width&quot;:&quot;full&quot;}\">\n\t\t\t\t<div class=\"elementor-element elementor-element-e93e44c elementor-widget elementor-widget-button\" data-id=\"e93e44c\" data-element_type=\"widget\" data-widget_type=\"button.default\">\n\t\t\t\t<div class=\"elementor-widget-container\">\n\t\t\t\t\t<div class=\"elementor-button-wrapper\">\n\t\t\t<a href=\"https:\/\/shimanofest.com.br\/index.php\/atracoes\/auditorio-diversidade\/\" class=\"elementor-button-link elementor-button elementor-size-sm\" role=\"button\">\n\t\t\t\t\t\t<span class=\"elementor-button-content-wrapper\">\n\t\t\t\t\t\t<span class=\"elementor-button-text\">Todas Atra\u00e7\u00f5es<\/span>\n\t\t<\/span>\n\t\t\t\t\t<\/a>\n\t\t<\/div>\n\t\t\t\t<\/div>\n\t\t\t\t<\/div>\n\t\t\t\t<div class=\"elementor-element elementor-element-7167bbd elementor-widget elementor-widget-button\" data-id=\"7167bbd\" data-element_type=\"widget\" data-widget_type=\"button.default\">\n\t\t\t\t<div class=\"elementor-widget-container\">\n\t\t\t\t\t<div class=\"elementor-button-wrapper\">\n\t\t\t<a href=\"https:\/\/shimanofest.com.br\/?page_id=1611\" class=\"elementor-button-link elementor-button elementor-size-sm\" role=\"button\">\n\t\t\t\t\t\t<span class=\"elementor-button-content-wrapper\">\n\t\t\t\t\t\t<span class=\"elementor-button-text\">Dia 17 | Quinta Feira<\/span>\n\t\t<\/span>\n\t\t\t\t\t<\/a>\n\t\t<\/div>\n\t\t\t\t<\/div>\n\t\t\t\t<\/div>\n\t\t\t\t<div class=\"elementor-element elementor-element-c174bcb elementor-widget elementor-widget-button\" data-id=\"c174bcb\" data-element_type=\"widget\" data-widget_type=\"button.default\">\n\t\t\t\t<div class=\"elementor-widget-container\">\n\t\t\t\t\t<div class=\"elementor-button-wrapper\">\n\t\t\t<a href=\"https:\/\/shimanofest.com.br\/index.php\/atracoes\/auditorio-diversidade\/dia-18-sexta-feira\/\" class=\"elementor-button-link elementor-button elementor-size-sm\" role=\"button\">\n\t\t\t\t\t\t<span class=\"elementor-button-content-wrapper\">\n\t\t\t\t\t\t<span class=\"elementor-button-text\">Dia 18 |  Sexta Feira<\/span>\n\t\t<\/span>\n\t\t\t\t\t<\/a>\n\t\t<\/div>\n\t\t\t\t<\/div>\n\t\t\t\t<\/div>\n\t\t\t\t<div class=\"elementor-element elementor-element-151ea94 elementor-widget elementor-widget-button\" data-id=\"151ea94\" data-element_type=\"widget\" data-widget_type=\"button.default\">\n\t\t\t\t<div class=\"elementor-widget-container\">\n\t\t\t\t\t<div class=\"elementor-button-wrapper\">\n\t\t\t<a href=\"https:\/\/shimanofest.com.br\/index.php\/atracoes\/auditorio-diversidade\/dia-19-sabado\/\" class=\"elementor-button-link elementor-button elementor-size-sm\" role=\"button\">\n\t\t\t\t\t\t<span class=\"elementor-button-content-wrapper\">\n\t\t\t\t\t\t<span class=\"elementor-button-text\">Dia 19 | S\u00e1bado<\/span>\n\t\t<\/span>\n\t\t\t\t\t<\/a>\n\t\t<\/div>\n\t\t\t\t<\/div>\n\t\t\t\t<\/div>\n\t\t\t\t<div class=\"elementor-element elementor-element-63bd616 elementor-widget elementor-widget-button\" data-id=\"63bd616\" data-element_type=\"widget\" data-widget_type=\"button.default\">\n\t\t\t\t<div class=\"elementor-widget-container\">\n\t\t\t\t\t<div class=\"elementor-button-wrapper\">\n\t\t\t<a href=\"https:\/\/shimanofest.com.br\/index.php\/atracoes\/auditorio-diversidade\/dia-20-domingo\/\" class=\"elementor-button-link elementor-button elementor-size-sm\" role=\"button\">\n\t\t\t\t\t\t<span class=\"elementor-button-content-wrapper\">\n\t\t\t\t\t\t<span class=\"elementor-button-text\">Dia 20 |  Domingo<\/span>\n\t\t<\/span>\n\t\t\t\t\t<\/a>\n\t\t<\/div>\n\t\t\t\t<\/div>\n\t\t\t\t<\/div>\n\t\t\t\t<\/div>\n\t\t\t\t<\/div>\n\t\t<div class=\"elementor-element elementor-element-041ba8a e-con-full content-box e-flex e-con\" data-id=\"041ba8a\" data-element_type=\"container\" data-settings=\"{&quot;content_width&quot;:&quot;full&quot;,&quot;background_background&quot;:&quot;classic&quot;}\">\n\t\t\t\t<\/div>\n\t\t\t\t\t<\/div>\n\t\t\t\t<\/div>\n\t\t\t\t\t\t\t<\/div>\n\t\t","protected":false},"excerpt":{"rendered":"<p>Audit\u00f3rio Diversidade Todas Atra\u00e7\u00f5es Dia 17 | Quinta Feira Dia 18 | Sexta Feira Dia 19 | S\u00e1bado Dia 20 | Domingo<\/p>\n","protected":false},"author":3,"featured_media":0,"parent":44,"menu_order":0,"comment_status":"closed","ping_status":"closed","template":"","meta":{"inline_featured_image":false,"footnotes":""},"acf":[],"yoast_head":"<!-- This site is optimized with the Yoast SEO plugin v20.9 - https:\/\/yoast.com\/wordpress\/plugins\/seo\/ -->\n<title>Dia 20 | Domingo - Shimano Fest<\/title>\n<meta name=\"robots\" content=\"index, follow, max-snippet:-1, max-image-preview:large, max-video-preview:-1\" \/>\n<link rel=\"canonical\" href=\"https:\/\/shimanofest.com.br\/index.php\/atracoes\/auditorio-diversidade\/dia-20-domingo\/\" \/>\n<meta property=\"og:locale\" content=\"pt_BR\" \/>\n<meta property=\"og:type\" content=\"article\" \/>\n<meta property=\"og:title\" content=\"Dia 20 | Domingo - Shimano Fest\" \/>\n<meta property=\"og:description\" content=\"Audit\u00f3rio Diversidade Todas Atra\u00e7\u00f5es Dia 17 | Quinta Feira Dia 18 | Sexta Feira Dia 19 | S\u00e1bado Dia 20 | Domingo\" \/>\n<meta property=\"og:url\" content=\"https:\/\/shimanofest.com.br\/index.php\/atracoes\/auditorio-diversidade\/dia-20-domingo\/\" \/>\n<meta property=\"og:site_name\" content=\"Shimano Fest\" \/>\n<meta property=\"article:modified_time\" content=\"2023-07-31T13:56:50+00:00\" \/>\n<meta name=\"twitter:card\" content=\"summary_large_image\" \/>\n<meta name=\"twitter:label1\" content=\"Est. tempo de leitura\" \/>\n\t<meta name=\"twitter:data1\" content=\"1 minuto\" \/>\n<script type=\"application\/ld+json\" class=\"yoast-schema-graph\">{\"@context\":\"https:\/\/schema.org\",\"@graph\":[{\"@type\":\"WebPage\",\"@id\":\"https:\/\/shimanofest.com.br\/index.php\/atracoes\/auditorio-diversidade\/dia-20-domingo\/\",\"url\":\"https:\/\/shimanofest.com.br\/index.php\/atracoes\/auditorio-diversidade\/dia-20-domingo\/\",\"name\":\"Dia 20 | Domingo - Shimano Fest\",\"isPartOf\":{\"@id\":\"https:\/\/shimanofest.com.br\/#website\"},\"datePublished\":\"2023-06-12T12:35:21+00:00\",\"dateModified\":\"2023-07-31T13:56:50+00:00\",\"breadcrumb\":{\"@id\":\"https:\/\/shimanofest.com.br\/index.php\/atracoes\/auditorio-diversidade\/dia-20-domingo\/#breadcrumb\"},\"inLanguage\":\"pt-BR\",\"potentialAction\":[{\"@type\":\"ReadAction\",\"target\":[\"https:\/\/shimanofest.com.br\/index.php\/atracoes\/auditorio-diversidade\/dia-20-domingo\/\"]}]},{\"@type\":\"BreadcrumbList\",\"@id\":\"https:\/\/shimanofest.com.br\/index.php\/atracoes\/auditorio-diversidade\/dia-20-domingo\/#breadcrumb\",\"itemListElement\":[{\"@type\":\"ListItem\",\"position\":1,\"name\":\"Home\",\"item\":\"https:\/\/shimanofest.com.br\/\"},{\"@type\":\"ListItem\",\"position\":2,\"name\":\"Atra\u00e7\u00f5es\",\"item\":\"https:\/\/shimanofest.com.br\/?page_id=22\"},{\"@type\":\"ListItem\",\"position\":3,\"name\":\"Audit\u00f3rio Diversidade\",\"item\":\"https:\/\/shimanofest.com.br\/index.php\/atracoes\/auditorio-diversidade\/\"},{\"@type\":\"ListItem\",\"position\":4,\"name\":\"Dia 20 | Domingo\"}]},{\"@type\":\"WebSite\",\"@id\":\"https:\/\/shimanofest.com.br\/#website\",\"url\":\"https:\/\/shimanofest.com.br\/\",\"name\":\"Shimano Fest\",\"description\":\"\",\"potentialAction\":[{\"@type\":\"SearchAction\",\"target\":{\"@type\":\"EntryPoint\",\"urlTemplate\":\"https:\/\/shimanofest.com.br\/?s={search_term_string}\"},\"query-input\":\"required name=search_term_string\"}],\"inLanguage\":\"pt-BR\"}]}<\/script>\n<!-- \/ Yoast SEO plugin. -->","yoast_head_json":{"title":"Dia 20 | Domingo - Shimano Fest","robots":{"index":"index","follow":"follow","max-snippet":"max-snippet:-1","max-image-preview":"max-image-preview:large","max-video-preview":"max-video-preview:-1"},"canonical":"https:\/\/shimanofest.com.br\/index.php\/atracoes\/auditorio-diversidade\/dia-20-domingo\/","og_locale":"pt_BR","og_type":"article","og_title":"Dia 20 | Domingo - Shimano Fest","og_description":"Audit\u00f3rio Diversidade Todas Atra\u00e7\u00f5es Dia 17 | Quinta Feira Dia 18 | Sexta Feira Dia 19 | S\u00e1bado Dia 20 | Domingo","og_url":"https:\/\/shimanofest.com.br\/index.php\/atracoes\/auditorio-diversidade\/dia-20-domingo\/","og_site_name":"Shimano Fest","article_modified_time":"2023-07-31T13:56:50+00:00","twitter_card":"summary_large_image","twitter_misc":{"Est. tempo de leitura":"1 minuto"},"schema":{"@context":"https:\/\/schema.org","@graph":[{"@type":"WebPage","@id":"https:\/\/shimanofest.com.br\/index.php\/atracoes\/auditorio-diversidade\/dia-20-domingo\/","url":"https:\/\/shimanofest.com.br\/index.php\/atracoes\/auditorio-diversidade\/dia-20-domingo\/","name":"Dia 20 | Domingo - Shimano Fest","isPartOf":{"@id":"https:\/\/shimanofest.com.br\/#website"},"datePublished":"2023-06-12T12:35:21+00:00","dateModified":"2023-07-31T13:56:50+00:00","breadcrumb":{"@id":"https:\/\/shimanofest.com.br\/index.php\/atracoes\/auditorio-diversidade\/dia-20-domingo\/#breadcrumb"},"inLanguage":"pt-BR","potentialAction":[{"@type":"ReadAction","target":["https:\/\/shimanofest.com.br\/index.php\/atracoes\/auditorio-diversidade\/dia-20-domingo\/"]}]},{"@type":"BreadcrumbList","@id":"https:\/\/shimanofest.com.br\/index.php\/atracoes\/auditorio-diversidade\/dia-20-domingo\/#breadcrumb","itemListElement":[{"@type":"ListItem","position":1,"name":"Home","item":"https:\/\/shimanofest.com.br\/"},{"@type":"ListItem","position":2,"name":"Atra\u00e7\u00f5es","item":"https:\/\/shimanofest.com.br\/?page_id=22"},{"@type":"ListItem","position":3,"name":"Audit\u00f3rio Diversidade","item":"https:\/\/shimanofest.com.br\/index.php\/atracoes\/auditorio-diversidade\/"},{"@type":"ListItem","position":4,"name":"Dia 20 | Domingo"}]},{"@type":"WebSite","@id":"https:\/\/shimanofest.com.br\/#website","url":"https:\/\/shimanofest.com.br\/","name":"Shimano Fest","description":"","potentialAction":[{"@type":"SearchAction","target":{"@type":"EntryPoint","urlTemplate":"https:\/\/shimanofest.com.br\/?s={search_term_string}"},"query-input":"required name=search_term_string"}],"inLanguage":"pt-BR"}]}},"_links":{"self":[{"href":"https:\/\/shimanofest.com.br\/index.php\/wp-json\/wp\/v2\/pages\/1617"}],"collection":[{"href":"https:\/\/shimanofest.com.br\/index.php\/wp-json\/wp\/v2\/pages"}],"about":[{"href":"https:\/\/shimanofest.com.br\/index.php\/wp-json\/wp\/v2\/types\/page"}],"author":[{"embeddable":true,"href":"https:\/\/shimanofest.com.br\/index.php\/wp-json\/wp\/v2\/users\/3"}],"replies":[{"embeddable":true,"href":"https:\/\/shimanofest.com.br\/index.php\/wp-json\/wp\/v2\/comments?post=1617"}],"version-history":[{"count":16,"href":"https:\/\/shimanofest.com.br\/index.php\/wp-json\/wp\/v2\/pages\/1617\/revisions"}],"predecessor-version":[{"id":2847,"href":"https:\/\/shimanofest.com.br\/index.php\/wp-json\/wp\/v2\/pages\/1617\/revisions\/2847"}],"up":[{"embeddable":true,"href":"https:\/\/shimanofest.com.br\/index.php\/wp-json\/wp\/v2\/pages\/44"}],"wp:attachment":[{"href":"https:\/\/shimanofest.com.br\/index.php\/wp-json\/wp\/v2\/media?parent=1617"}],"curies":[{"name":"wp","href":"https:\/\/api.w.org\/{rel}","templated":true}]}}