{"id":24,"date":"2023-05-25T19:38:27","date_gmt":"2023-05-25T19:38:27","guid":{"rendered":"http:\/\/ec2-18-229-160-1.sa-east-1.compute.amazonaws.com\/?page_id=24"},"modified":"2024-06-13T00:39:16","modified_gmt":"2024-06-13T03:39:16","slug":"seja-um-patrocinador","status":"publish","type":"page","link":"https:\/\/shimanofest.com.br\/index.php\/seja-um-patrocinador\/","title":{"rendered":"Seja um Patrocinador"},"content":{"rendered":"\t\t<div data-elementor-type=\"wp-page\" data-elementor-id=\"24\" class=\"elementor elementor-24\">\n\t\t\t\t\t\t\t<div class=\"elementor-element elementor-element-40e13d1 e-con-boxed e-flex e-con\" data-id=\"40e13d1\" data-element_type=\"container\" data-settings=\"{&quot;background_background&quot;:&quot;classic&quot;,&quot;content_width&quot;:&quot;boxed&quot;}\">\n\t\t\t\t\t<div class=\"e-con-inner\">\n\t\t<div class=\"elementor-element elementor-element-ca558c5 e-con-full e-flex e-con\" data-id=\"ca558c5\" data-element_type=\"container\" data-settings=\"{&quot;content_width&quot;:&quot;full&quot;}\">\n\t\t\t\t<div class=\"elementor-element elementor-element-515a358 elementor-widget elementor-widget-heading\" data-id=\"515a358\" data-element_type=\"widget\" data-widget_type=\"heading.default\">\n\t\t\t\t<div class=\"elementor-widget-container\">\n\t\t\t<style>\/*! elementor - v3.13.2 - 11-05-2023 *\/\n.elementor-heading-title{padding:0;margin:0;line-height:1}.elementor-widget-heading .elementor-heading-title[class*=elementor-size-]>a{color:inherit;font-size:inherit;line-height:inherit}.elementor-widget-heading .elementor-heading-title.elementor-size-small{font-size:15px}.elementor-widget-heading .elementor-heading-title.elementor-size-medium{font-size:19px}.elementor-widget-heading .elementor-heading-title.elementor-size-large{font-size:29px}.elementor-widget-heading .elementor-heading-title.elementor-size-xl{font-size:39px}.elementor-widget-heading .elementor-heading-title.elementor-size-xxl{font-size:59px}<\/style><h2 class=\"elementor-heading-title elementor-size-default\">Seja um Patrocinador<\/h2>\t\t<\/div>\n\t\t\t\t<\/div>\n\t\t\t\t<div class=\"elementor-element elementor-element-1f130d0 elementor-align-left elementor-widget elementor-widget-breadcrumbs\" data-id=\"1f130d0\" data-element_type=\"widget\" data-widget_type=\"breadcrumbs.default\">\n\t\t\t\t<div class=\"elementor-widget-container\">\n\t\t\t<link rel=\"stylesheet\" href=\"https:\/\/shimanofest.com.br\/wp-content\/plugins\/pro-elements\/assets\/css\/widget-theme-elements.min.css\"><p id=\"breadcrumbs\"><span><span><a href=\"https:\/\/shimanofest.com.br\/\">Home<\/a><\/span><\/span><\/p>\t\t<\/div>\n\t\t\t\t<\/div>\n\t\t\t\t<\/div>\n\t\t<div class=\"elementor-element elementor-element-5039c63 e-con-full content-box e-flex e-con\" data-id=\"5039c63\" data-element_type=\"container\" data-settings=\"{&quot;content_width&quot;:&quot;full&quot;,&quot;background_background&quot;:&quot;classic&quot;}\">\n\t\t<div class=\"elementor-element elementor-element-9a38723 e-con-boxed e-flex e-con\" data-id=\"9a38723\" data-element_type=\"container\" data-settings=\"{&quot;background_background&quot;:&quot;classic&quot;,&quot;content_width&quot;:&quot;boxed&quot;}\">\n\t\t\t\t\t<div class=\"e-con-inner\">\n\t\t\t\t<div class=\"elementor-element elementor-element-880c6e5 elementor-widget elementor-widget-image\" data-id=\"880c6e5\" data-element_type=\"widget\" data-widget_type=\"image.default\">\n\t\t\t\t<div class=\"elementor-widget-container\">\n\t\t\t<style>\/*! elementor - v3.13.2 - 11-05-2023 *\/\n.elementor-widget-image{text-align:center}.elementor-widget-image a{display:inline-block}.elementor-widget-image a img[src$=\".svg\"]{width:48px}.elementor-widget-image img{vertical-align:middle;display:inline-block}<\/style>\t\t\t\t\t\t\t\t\t\t\t\t<img loading=\"lazy\" decoding=\"async\" width=\"1536\" height=\"1024\" src=\"https:\/\/shimanofest.com.br\/wp-content\/uploads\/2023\/06\/DELONG22FEST00789-1536x1024.jpg\" class=\"attachment-1536x1536 size-1536x1536 wp-image-2449\" alt=\"Visibilidade no Festival da Bike\" srcset=\"https:\/\/shimanofest.com.br\/wp-content\/uploads\/2023\/06\/DELONG22FEST00789-1536x1024.jpg 1536w, https:\/\/shimanofest.com.br\/wp-content\/uploads\/2023\/06\/DELONG22FEST00789-300x200.jpg 300w, https:\/\/shimanofest.com.br\/wp-content\/uploads\/2023\/06\/DELONG22FEST00789-1024x683.jpg 1024w, https:\/\/shimanofest.com.br\/wp-content\/uploads\/2023\/06\/DELONG22FEST00789-768x512.jpg 768w, https:\/\/shimanofest.com.br\/wp-content\/uploads\/2023\/06\/DELONG22FEST00789-2048x1365.jpg 2048w\" sizes=\"(max-width: 1536px) 100vw, 1536px\" \/>\t\t\t\t\t\t\t\t\t\t\t\t\t\t\t<\/div>\n\t\t\t\t<\/div>\n\t\t\t\t\t<\/div>\n\t\t\t\t<\/div>\n\t\t\t\t<\/div>\n\t\t\t\t\t<\/div>\n\t\t\t\t<\/div>\n\t\t<div class=\"elementor-element elementor-element-adaf7c6 e-con-boxed e-flex e-con\" data-id=\"adaf7c6\" data-element_type=\"container\" data-settings=\"{&quot;content_width&quot;:&quot;boxed&quot;}\">\n\t\t\t\t\t<div class=\"e-con-inner\">\n\t\t\t\t<div class=\"elementor-element elementor-element-730c7c1 elementor-widget elementor-widget-heading\" data-id=\"730c7c1\" data-element_type=\"widget\" data-widget_type=\"heading.default\">\n\t\t\t\t<div class=\"elementor-widget-container\">\n\t\t\t<h2 class=\"elementor-heading-title elementor-size-default\">Em 2023 o Festival da Bike reuniu um p\u00fablico de 50.250 pessoas, gerando R$59M em neg\u00f3cios e mais de R$5M em retorno de m\u00eddia.<br>\n<br>Os pilares do Shimano Fest s\u00e3o: Entretenimento, Neg\u00f3cios, Social &amp; Meio Ambiente.<br> <br>\nAproxime-se de valores como sa\u00fade e bem-estar, esportes, mobilidade sustent\u00e1vel e cultura.<br>\n\n\n <br>Fale com a gente: contato@shimanofest.com.br<\/h2>\t\t<\/div>\n\t\t\t\t<\/div>\n\t\t\t\t\t<\/div>\n\t\t\t\t<\/div>\n\t\t\t\t\t\t\t<\/div>\n\t\t","protected":false},"excerpt":{"rendered":"<p>Seja um Patrocinador Em 2023 o Festival da Bike reuniu um p\u00fablico de 50.250 pessoas, gerando R$59M em neg\u00f3cios e mais de R$5M em retorno de m\u00eddia. Os pilares do Shimano Fest s\u00e3o: Entretenimento, Neg\u00f3cios, Social &amp; Meio Ambiente. Aproxime-se de valores como sa\u00fade e bem-estar, esportes, mobilidade sustent\u00e1vel e cultura. Fale com a gente: [&hellip;]<\/p>\n","protected":false},"author":3,"featured_media":0,"parent":0,"menu_order":0,"comment_status":"closed","ping_status":"closed","template":"","meta":{"inline_featured_image":false,"footnotes":""},"acf":[],"yoast_head":"<!-- This site is optimized with the Yoast SEO plugin v20.9 - https:\/\/yoast.com\/wordpress\/plugins\/seo\/ -->\n<title>Seja um Patrocinador - Shimano Fest<\/title>\n<meta name=\"robots\" content=\"index, follow, max-snippet:-1, max-image-preview:large, max-video-preview:-1\" \/>\n<link rel=\"canonical\" href=\"https:\/\/shimanofest.com.br\/index.php\/seja-um-patrocinador\/\" \/>\n<meta property=\"og:locale\" content=\"pt_BR\" \/>\n<meta property=\"og:type\" content=\"article\" \/>\n<meta property=\"og:title\" content=\"Seja um Patrocinador - Shimano Fest\" \/>\n<meta property=\"og:description\" content=\"Seja um Patrocinador Em 2023 o Festival da Bike reuniu um p\u00fablico de 50.250 pessoas, gerando R$59M em neg\u00f3cios e mais de R$5M em retorno de m\u00eddia. Os pilares do Shimano Fest s\u00e3o: Entretenimento, Neg\u00f3cios, Social &amp; Meio Ambiente. Aproxime-se de valores como sa\u00fade e bem-estar, esportes, mobilidade sustent\u00e1vel e cultura. Fale com a gente: [&hellip;]\" \/>\n<meta property=\"og:url\" content=\"https:\/\/shimanofest.com.br\/index.php\/seja-um-patrocinador\/\" \/>\n<meta property=\"og:site_name\" content=\"Shimano Fest\" \/>\n<meta property=\"article:modified_time\" content=\"2024-06-13T03:39:16+00:00\" \/>\n<meta property=\"og:image\" content=\"https:\/\/shimanofest.com.br\/wp-content\/uploads\/2023\/06\/DELONG22FEST00789-1536x1024.jpg\" \/>\n<meta name=\"twitter:card\" content=\"summary_large_image\" \/>\n<meta name=\"twitter:label1\" content=\"Est. tempo de leitura\" \/>\n\t<meta name=\"twitter:data1\" content=\"1 minuto\" \/>\n<script type=\"application\/ld+json\" class=\"yoast-schema-graph\">{\"@context\":\"https:\/\/schema.org\",\"@graph\":[{\"@type\":\"WebPage\",\"@id\":\"https:\/\/shimanofest.com.br\/index.php\/seja-um-patrocinador\/\",\"url\":\"https:\/\/shimanofest.com.br\/index.php\/seja-um-patrocinador\/\",\"name\":\"Seja um Patrocinador - Shimano Fest\",\"isPartOf\":{\"@id\":\"https:\/\/shimanofest.com.br\/#website\"},\"datePublished\":\"2023-05-25T19:38:27+00:00\",\"dateModified\":\"2024-06-13T03:39:16+00:00\",\"breadcrumb\":{\"@id\":\"https:\/\/shimanofest.com.br\/index.php\/seja-um-patrocinador\/#breadcrumb\"},\"inLanguage\":\"pt-BR\",\"potentialAction\":[{\"@type\":\"ReadAction\",\"target\":[\"https:\/\/shimanofest.com.br\/index.php\/seja-um-patrocinador\/\"]}]},{\"@type\":\"BreadcrumbList\",\"@id\":\"https:\/\/shimanofest.com.br\/index.php\/seja-um-patrocinador\/#breadcrumb\",\"itemListElement\":[{\"@type\":\"ListItem\",\"position\":1,\"name\":\"Home\",\"item\":\"https:\/\/shimanofest.com.br\/\"},{\"@type\":\"ListItem\",\"position\":2,\"name\":\"Seja um Patrocinador\"}]},{\"@type\":\"WebSite\",\"@id\":\"https:\/\/shimanofest.com.br\/#website\",\"url\":\"https:\/\/shimanofest.com.br\/\",\"name\":\"Shimano Fest\",\"description\":\"\",\"potentialAction\":[{\"@type\":\"SearchAction\",\"target\":{\"@type\":\"EntryPoint\",\"urlTemplate\":\"https:\/\/shimanofest.com.br\/?s={search_term_string}\"},\"query-input\":\"required name=search_term_string\"}],\"inLanguage\":\"pt-BR\"}]}<\/script>\n<!-- \/ Yoast SEO plugin. -->","yoast_head_json":{"title":"Seja um Patrocinador - Shimano Fest","robots":{"index":"index","follow":"follow","max-snippet":"max-snippet:-1","max-image-preview":"max-image-preview:large","max-video-preview":"max-video-preview:-1"},"canonical":"https:\/\/shimanofest.com.br\/index.php\/seja-um-patrocinador\/","og_locale":"pt_BR","og_type":"article","og_title":"Seja um Patrocinador - Shimano Fest","og_description":"Seja um Patrocinador Em 2023 o Festival da Bike reuniu um p\u00fablico de 50.250 pessoas, gerando R$59M em neg\u00f3cios e mais de R$5M em retorno de m\u00eddia. Os pilares do Shimano Fest s\u00e3o: Entretenimento, Neg\u00f3cios, Social &amp; Meio Ambiente. Aproxime-se de valores como sa\u00fade e bem-estar, esportes, mobilidade sustent\u00e1vel e cultura. Fale com a gente: [&hellip;]","og_url":"https:\/\/shimanofest.com.br\/index.php\/seja-um-patrocinador\/","og_site_name":"Shimano Fest","article_modified_time":"2024-06-13T03:39:16+00:00","og_image":[{"url":"https:\/\/shimanofest.com.br\/wp-content\/uploads\/2023\/06\/DELONG22FEST00789-1536x1024.jpg"}],"twitter_card":"summary_large_image","twitter_misc":{"Est. tempo de leitura":"1 minuto"},"schema":{"@context":"https:\/\/schema.org","@graph":[{"@type":"WebPage","@id":"https:\/\/shimanofest.com.br\/index.php\/seja-um-patrocinador\/","url":"https:\/\/shimanofest.com.br\/index.php\/seja-um-patrocinador\/","name":"Seja um Patrocinador - Shimano Fest","isPartOf":{"@id":"https:\/\/shimanofest.com.br\/#website"},"datePublished":"2023-05-25T19:38:27+00:00","dateModified":"2024-06-13T03:39:16+00:00","breadcrumb":{"@id":"https:\/\/shimanofest.com.br\/index.php\/seja-um-patrocinador\/#breadcrumb"},"inLanguage":"pt-BR","potentialAction":[{"@type":"ReadAction","target":["https:\/\/shimanofest.com.br\/index.php\/seja-um-patrocinador\/"]}]},{"@type":"BreadcrumbList","@id":"https:\/\/shimanofest.com.br\/index.php\/seja-um-patrocinador\/#breadcrumb","itemListElement":[{"@type":"ListItem","position":1,"name":"Home","item":"https:\/\/shimanofest.com.br\/"},{"@type":"ListItem","position":2,"name":"Seja um Patrocinador"}]},{"@type":"WebSite","@id":"https:\/\/shimanofest.com.br\/#website","url":"https:\/\/shimanofest.com.br\/","name":"Shimano Fest","description":"","potentialAction":[{"@type":"SearchAction","target":{"@type":"EntryPoint","urlTemplate":"https:\/\/shimanofest.com.br\/?s={search_term_string}"},"query-input":"required name=search_term_string"}],"inLanguage":"pt-BR"}]}},"_links":{"self":[{"href":"https:\/\/shimanofest.com.br\/index.php\/wp-json\/wp\/v2\/pages\/24"}],"collection":[{"href":"https:\/\/shimanofest.com.br\/index.php\/wp-json\/wp\/v2\/pages"}],"about":[{"href":"https:\/\/shimanofest.com.br\/index.php\/wp-json\/wp\/v2\/types\/page"}],"author":[{"embeddable":true,"href":"https:\/\/shimanofest.com.br\/index.php\/wp-json\/wp\/v2\/users\/3"}],"replies":[{"embeddable":true,"href":"https:\/\/shimanofest.com.br\/index.php\/wp-json\/wp\/v2\/comments?post=24"}],"version-history":[{"count":38,"href":"https:\/\/shimanofest.com.br\/index.php\/wp-json\/wp\/v2\/pages\/24\/revisions"}],"predecessor-version":[{"id":3126,"href":"https:\/\/shimanofest.com.br\/index.php\/wp-json\/wp\/v2\/pages\/24\/revisions\/3126"}],"wp:attachment":[{"href":"https:\/\/shimanofest.com.br\/index.php\/wp-json\/wp\/v2\/media?parent=24"}],"curies":[{"name":"wp","href":"https:\/\/api.w.org\/{rel}","templated":true}]}}