{"id":2631,"date":"2023-07-10T17:51:26","date_gmt":"2023-07-10T17:51:26","guid":{"rendered":"http:\/\/shimanofest.com.br\/?page_id=2631"},"modified":"2026-04-09T18:10:46","modified_gmt":"2026-04-09T21:10:46","slug":"bicicletario","status":"publish","type":"page","link":"https:\/\/shimanofest.com.br\/index.php\/bicicletario\/","title":{"rendered":"Biciclet\u00e1rio"},"content":{"rendered":"\t\t<div data-elementor-type=\"wp-page\" data-elementor-id=\"2631\" class=\"elementor elementor-2631\">\n\t\t\t\t\t\t\t<div class=\"elementor-element elementor-element-0086c89 e-con-boxed e-flex e-con\" data-id=\"0086c89\" data-element_type=\"container\" data-settings=\"{&quot;background_background&quot;:&quot;classic&quot;,&quot;content_width&quot;:&quot;boxed&quot;}\">\n\t\t\t\t\t<div class=\"e-con-inner\">\n\t\t<div class=\"elementor-element elementor-element-17bdf09 e-con-full e-flex e-con\" data-id=\"17bdf09\" data-element_type=\"container\" data-settings=\"{&quot;content_width&quot;:&quot;full&quot;}\">\n\t\t\t\t<div class=\"elementor-element elementor-element-e525a9e elementor-widget elementor-widget-heading\" data-id=\"e525a9e\" data-element_type=\"widget\" data-widget_type=\"heading.default\">\n\t\t\t\t<div class=\"elementor-widget-container\">\n\t\t\t<style>\/*! elementor - v3.13.2 - 11-05-2023 *\/\n.elementor-heading-title{padding:0;margin:0;line-height:1}.elementor-widget-heading .elementor-heading-title[class*=elementor-size-]>a{color:inherit;font-size:inherit;line-height:inherit}.elementor-widget-heading .elementor-heading-title.elementor-size-small{font-size:15px}.elementor-widget-heading .elementor-heading-title.elementor-size-medium{font-size:19px}.elementor-widget-heading .elementor-heading-title.elementor-size-large{font-size:29px}.elementor-widget-heading .elementor-heading-title.elementor-size-xl{font-size:39px}.elementor-widget-heading .elementor-heading-title.elementor-size-xxl{font-size:59px}<\/style><h2 class=\"elementor-heading-title elementor-size-default\">Biciclet\u00e1rio<\/h2>\t\t<\/div>\n\t\t\t\t<\/div>\n\t\t\t\t<div class=\"elementor-element elementor-element-1b8841d elementor-align-left elementor-widget elementor-widget-breadcrumbs\" data-id=\"1b8841d\" data-element_type=\"widget\" data-widget_type=\"breadcrumbs.default\">\n\t\t\t\t<div class=\"elementor-widget-container\">\n\t\t\t<link rel=\"stylesheet\" href=\"https:\/\/shimanofest.com.br\/wp-content\/plugins\/pro-elements\/assets\/css\/widget-theme-elements.min.css\"><p id=\"breadcrumbs\"><span><span><a href=\"https:\/\/shimanofest.com.br\/\">Home<\/a><\/span><\/span><\/p>\t\t<\/div>\n\t\t\t\t<\/div>\n\t\t\t\t<\/div>\n\t\t<div class=\"elementor-element elementor-element-43a3bd7 e-con-full content-box e-flex e-con\" data-id=\"43a3bd7\" data-element_type=\"container\" data-settings=\"{&quot;content_width&quot;:&quot;full&quot;,&quot;background_background&quot;:&quot;classic&quot;}\">\n\t\t\t\t<div class=\"elementor-element elementor-element-9c28078 elementor-widget elementor-widget-image\" data-id=\"9c28078\" data-element_type=\"widget\" data-widget_type=\"image.default\">\n\t\t\t\t<div class=\"elementor-widget-container\">\n\t\t\t<style>\/*! elementor - v3.13.2 - 11-05-2023 *\/\n.elementor-widget-image{text-align:center}.elementor-widget-image a{display:inline-block}.elementor-widget-image a img[src$=\".svg\"]{width:48px}.elementor-widget-image img{vertical-align:middle;display:inline-block}<\/style>\t\t\t\t\t\t\t\t\t\t\t\t<img loading=\"lazy\" decoding=\"async\" width=\"967\" height=\"647\" src=\"https:\/\/shimanofest.com.br\/wp-content\/uploads\/2023\/07\/bicicletario.png\" class=\"attachment-full size-full wp-image-2637\" alt=\"\" srcset=\"https:\/\/shimanofest.com.br\/wp-content\/uploads\/2023\/07\/bicicletario.png 967w, https:\/\/shimanofest.com.br\/wp-content\/uploads\/2023\/07\/bicicletario-300x201.png 300w, https:\/\/shimanofest.com.br\/wp-content\/uploads\/2023\/07\/bicicletario-768x514.png 768w\" sizes=\"(max-width: 967px) 100vw, 967px\" \/>\t\t\t\t\t\t\t\t\t\t\t\t\t\t\t<\/div>\n\t\t\t\t<\/div>\n\t\t\t\t<div class=\"elementor-element elementor-element-c5e90ed conteudo elementor-widget__width-initial elementor-widget elementor-widget-text-editor\" data-id=\"c5e90ed\" data-element_type=\"widget\" data-widget_type=\"text-editor.default\">\n\t\t\t\t<div class=\"elementor-widget-container\">\n\t\t\t<style>\/*! elementor - v3.13.2 - 11-05-2023 *\/\n.elementor-widget-text-editor.elementor-drop-cap-view-stacked .elementor-drop-cap{background-color:#69727d;color:#fff}.elementor-widget-text-editor.elementor-drop-cap-view-framed .elementor-drop-cap{color:#69727d;border:3px solid;background-color:transparent}.elementor-widget-text-editor:not(.elementor-drop-cap-view-default) .elementor-drop-cap{margin-top:8px}.elementor-widget-text-editor:not(.elementor-drop-cap-view-default) .elementor-drop-cap-letter{width:1em;height:1em}.elementor-widget-text-editor .elementor-drop-cap{float:left;text-align:center;line-height:1;font-size:50px}.elementor-widget-text-editor .elementor-drop-cap-letter{display:inline-block}<\/style>\t\t\t\t<p>Promovemos a sustentabilidade n\u00e3o apenas na organiza\u00e7\u00e3o de um evento com baixa pegada de carbono, mas tamb\u00e9m incentivando que os visitantes possam se deslocar de bicicleta at\u00e9 o memorial.<\/p><p>O Shimano Fest conta com <strong>biciclet\u00e1rio gratuito<\/strong> dentro do Memorial da Am\u00e9rica Latina, durante os 4 dias de evento.<\/p><p><strong>INFORMA\u00c7\u00d5ES<\/strong><\/p><h5>Local: Port\u00e3o 13 &#8211; Entrada e Sa\u00edda Oficial do evento<\/h5><h5>Hor\u00e1rios:<span data-ogsc=\"windowtext\" data-olk-copy-source=\"MessageBody\">\u00a0<\/span><span data-ogsc=\"rgb(238, 0, 0)\">5\u00aa, 6\u00aa e sab das 9h \u00e0s 19h, domingo das 9h \u00e0s 16h<\/span><\/h5><h5>O Biciclet\u00e1rio, tem capacidade limitada para 150 bicicletas.<\/h5><p>Passeio Shimano Fest: para o passeio de domingo, dia 23\/08, a organiza\u00e7\u00e3o vai oferecer um biciclet\u00e1rio dentro do Memorial, por\u00e9m, este tem capacidade limitada e ap\u00f3s a lota\u00e7\u00e3o m\u00e1xima, n\u00e3o receber\u00e1 mais bicicletas.<\/p>\t\t\t\t\t\t<\/div>\n\t\t\t\t<\/div>\n\t\t\t\t<\/div>\n\t\t\t\t\t<\/div>\n\t\t\t\t<\/div>\n\t\t\t\t\t\t\t<\/div>\n\t\t","protected":false},"excerpt":{"rendered":"<p>Biciclet\u00e1rio Promovemos a sustentabilidade n\u00e3o apenas na organiza\u00e7\u00e3o de um evento com baixa pegada de carbono, mas tamb\u00e9m incentivando que os visitantes possam se deslocar de bicicleta at\u00e9 o memorial. O Shimano Fest conta com biciclet\u00e1rio gratuito dentro do Memorial da Am\u00e9rica Latina, durante os 4 dias de evento. INFORMA\u00c7\u00d5ES Local: Port\u00e3o 13 &#8211; Entrada [&hellip;]<\/p>\n","protected":false},"author":3,"featured_media":0,"parent":0,"menu_order":0,"comment_status":"closed","ping_status":"closed","template":"","meta":{"inline_featured_image":false,"footnotes":""},"acf":[],"yoast_head":"<!-- This site is optimized with the Yoast SEO plugin v20.9 - https:\/\/yoast.com\/wordpress\/plugins\/seo\/ -->\n<title>Biciclet\u00e1rio - Shimano Fest<\/title>\n<meta name=\"robots\" content=\"index, follow, max-snippet:-1, max-image-preview:large, max-video-preview:-1\" \/>\n<link rel=\"canonical\" href=\"https:\/\/shimanofest.com.br\/index.php\/bicicletario\/\" \/>\n<meta property=\"og:locale\" content=\"pt_BR\" \/>\n<meta property=\"og:type\" content=\"article\" \/>\n<meta property=\"og:title\" content=\"Biciclet\u00e1rio - Shimano Fest\" \/>\n<meta property=\"og:description\" content=\"Biciclet\u00e1rio Promovemos a sustentabilidade n\u00e3o apenas na organiza\u00e7\u00e3o de um evento com baixa pegada de carbono, mas tamb\u00e9m incentivando que os visitantes possam se deslocar de bicicleta at\u00e9 o memorial. O Shimano Fest conta com biciclet\u00e1rio gratuito dentro do Memorial da Am\u00e9rica Latina, durante os 4 dias de evento. INFORMA\u00c7\u00d5ES Local: Port\u00e3o 13 &#8211; Entrada [&hellip;]\" \/>\n<meta property=\"og:url\" content=\"https:\/\/shimanofest.com.br\/index.php\/bicicletario\/\" \/>\n<meta property=\"og:site_name\" content=\"Shimano Fest\" \/>\n<meta property=\"article:modified_time\" content=\"2026-04-09T21:10:46+00:00\" \/>\n<meta property=\"og:image\" content=\"https:\/\/shimanofest.com.br\/wp-content\/uploads\/2023\/07\/bicicletario.png\" \/>\n<meta name=\"twitter:card\" content=\"summary_large_image\" \/>\n<meta name=\"twitter:label1\" content=\"Est. tempo de leitura\" \/>\n\t<meta name=\"twitter:data1\" content=\"1 minuto\" \/>\n<script type=\"application\/ld+json\" class=\"yoast-schema-graph\">{\"@context\":\"https:\/\/schema.org\",\"@graph\":[{\"@type\":\"WebPage\",\"@id\":\"https:\/\/shimanofest.com.br\/index.php\/bicicletario\/\",\"url\":\"https:\/\/shimanofest.com.br\/index.php\/bicicletario\/\",\"name\":\"Biciclet\u00e1rio - Shimano Fest\",\"isPartOf\":{\"@id\":\"https:\/\/shimanofest.com.br\/#website\"},\"datePublished\":\"2023-07-10T17:51:26+00:00\",\"dateModified\":\"2026-04-09T21:10:46+00:00\",\"breadcrumb\":{\"@id\":\"https:\/\/shimanofest.com.br\/index.php\/bicicletario\/#breadcrumb\"},\"inLanguage\":\"pt-BR\",\"potentialAction\":[{\"@type\":\"ReadAction\",\"target\":[\"https:\/\/shimanofest.com.br\/index.php\/bicicletario\/\"]}]},{\"@type\":\"BreadcrumbList\",\"@id\":\"https:\/\/shimanofest.com.br\/index.php\/bicicletario\/#breadcrumb\",\"itemListElement\":[{\"@type\":\"ListItem\",\"position\":1,\"name\":\"Home\",\"item\":\"https:\/\/shimanofest.com.br\/\"},{\"@type\":\"ListItem\",\"position\":2,\"name\":\"Biciclet\u00e1rio\"}]},{\"@type\":\"WebSite\",\"@id\":\"https:\/\/shimanofest.com.br\/#website\",\"url\":\"https:\/\/shimanofest.com.br\/\",\"name\":\"Shimano Fest\",\"description\":\"\",\"potentialAction\":[{\"@type\":\"SearchAction\",\"target\":{\"@type\":\"EntryPoint\",\"urlTemplate\":\"https:\/\/shimanofest.com.br\/?s={search_term_string}\"},\"query-input\":\"required name=search_term_string\"}],\"inLanguage\":\"pt-BR\"}]}<\/script>\n<!-- \/ Yoast SEO plugin. -->","yoast_head_json":{"title":"Biciclet\u00e1rio - Shimano Fest","robots":{"index":"index","follow":"follow","max-snippet":"max-snippet:-1","max-image-preview":"max-image-preview:large","max-video-preview":"max-video-preview:-1"},"canonical":"https:\/\/shimanofest.com.br\/index.php\/bicicletario\/","og_locale":"pt_BR","og_type":"article","og_title":"Biciclet\u00e1rio - Shimano Fest","og_description":"Biciclet\u00e1rio Promovemos a sustentabilidade n\u00e3o apenas na organiza\u00e7\u00e3o de um evento com baixa pegada de carbono, mas tamb\u00e9m incentivando que os visitantes possam se deslocar de bicicleta at\u00e9 o memorial. O Shimano Fest conta com biciclet\u00e1rio gratuito dentro do Memorial da Am\u00e9rica Latina, durante os 4 dias de evento. INFORMA\u00c7\u00d5ES Local: Port\u00e3o 13 &#8211; Entrada [&hellip;]","og_url":"https:\/\/shimanofest.com.br\/index.php\/bicicletario\/","og_site_name":"Shimano Fest","article_modified_time":"2026-04-09T21:10:46+00:00","og_image":[{"url":"https:\/\/shimanofest.com.br\/wp-content\/uploads\/2023\/07\/bicicletario.png"}],"twitter_card":"summary_large_image","twitter_misc":{"Est. tempo de leitura":"1 minuto"},"schema":{"@context":"https:\/\/schema.org","@graph":[{"@type":"WebPage","@id":"https:\/\/shimanofest.com.br\/index.php\/bicicletario\/","url":"https:\/\/shimanofest.com.br\/index.php\/bicicletario\/","name":"Biciclet\u00e1rio - Shimano Fest","isPartOf":{"@id":"https:\/\/shimanofest.com.br\/#website"},"datePublished":"2023-07-10T17:51:26+00:00","dateModified":"2026-04-09T21:10:46+00:00","breadcrumb":{"@id":"https:\/\/shimanofest.com.br\/index.php\/bicicletario\/#breadcrumb"},"inLanguage":"pt-BR","potentialAction":[{"@type":"ReadAction","target":["https:\/\/shimanofest.com.br\/index.php\/bicicletario\/"]}]},{"@type":"BreadcrumbList","@id":"https:\/\/shimanofest.com.br\/index.php\/bicicletario\/#breadcrumb","itemListElement":[{"@type":"ListItem","position":1,"name":"Home","item":"https:\/\/shimanofest.com.br\/"},{"@type":"ListItem","position":2,"name":"Biciclet\u00e1rio"}]},{"@type":"WebSite","@id":"https:\/\/shimanofest.com.br\/#website","url":"https:\/\/shimanofest.com.br\/","name":"Shimano Fest","description":"","potentialAction":[{"@type":"SearchAction","target":{"@type":"EntryPoint","urlTemplate":"https:\/\/shimanofest.com.br\/?s={search_term_string}"},"query-input":"required name=search_term_string"}],"inLanguage":"pt-BR"}]}},"_links":{"self":[{"href":"https:\/\/shimanofest.com.br\/index.php\/wp-json\/wp\/v2\/pages\/2631"}],"collection":[{"href":"https:\/\/shimanofest.com.br\/index.php\/wp-json\/wp\/v2\/pages"}],"about":[{"href":"https:\/\/shimanofest.com.br\/index.php\/wp-json\/wp\/v2\/types\/page"}],"author":[{"embeddable":true,"href":"https:\/\/shimanofest.com.br\/index.php\/wp-json\/wp\/v2\/users\/3"}],"replies":[{"embeddable":true,"href":"https:\/\/shimanofest.com.br\/index.php\/wp-json\/wp\/v2\/comments?post=2631"}],"version-history":[{"count":31,"href":"https:\/\/shimanofest.com.br\/index.php\/wp-json\/wp\/v2\/pages\/2631\/revisions"}],"predecessor-version":[{"id":5169,"href":"https:\/\/shimanofest.com.br\/index.php\/wp-json\/wp\/v2\/pages\/2631\/revisions\/5169"}],"wp:attachment":[{"href":"https:\/\/shimanofest.com.br\/index.php\/wp-json\/wp\/v2\/media?parent=2631"}],"curies":[{"name":"wp","href":"https:\/\/api.w.org\/{rel}","templated":true}]}}