{"id":30,"date":"2023-05-25T20:19:35","date_gmt":"2023-05-25T20:19:35","guid":{"rendered":"http:\/\/ec2-18-229-160-1.sa-east-1.compute.amazonaws.com\/?page_id=30"},"modified":"2026-04-09T17:38:37","modified_gmt":"2026-04-09T20:38:37","slug":"o-que-e","status":"publish","type":"page","link":"https:\/\/shimanofest.com.br\/index.php\/o-evento\/o-que-e\/","title":{"rendered":"O que \u00e9"},"content":{"rendered":"\t\t<div data-elementor-type=\"wp-page\" data-elementor-id=\"30\" class=\"elementor elementor-30\">\n\t\t\t\t\t\t\t<div class=\"elementor-element elementor-element-b4cf979 e-con-full e-flex e-con\" data-id=\"b4cf979\" data-element_type=\"container\" data-settings=\"{&quot;background_background&quot;:&quot;classic&quot;,&quot;content_width&quot;:&quot;full&quot;}\">\n\t\t<div class=\"elementor-element elementor-element-eec94bf e-con-full e-flex e-con\" data-id=\"eec94bf\" data-element_type=\"container\" data-settings=\"{&quot;content_width&quot;:&quot;full&quot;}\">\n\t\t\t\t<div class=\"elementor-element elementor-element-9909a78 elementor-widget elementor-widget-heading\" data-id=\"9909a78\" data-element_type=\"widget\" data-widget_type=\"heading.default\">\n\t\t\t\t<div class=\"elementor-widget-container\">\n\t\t\t<style>\/*! elementor - v3.13.2 - 11-05-2023 *\/\n.elementor-heading-title{padding:0;margin:0;line-height:1}.elementor-widget-heading .elementor-heading-title[class*=elementor-size-]>a{color:inherit;font-size:inherit;line-height:inherit}.elementor-widget-heading .elementor-heading-title.elementor-size-small{font-size:15px}.elementor-widget-heading .elementor-heading-title.elementor-size-medium{font-size:19px}.elementor-widget-heading .elementor-heading-title.elementor-size-large{font-size:29px}.elementor-widget-heading .elementor-heading-title.elementor-size-xl{font-size:39px}.elementor-widget-heading .elementor-heading-title.elementor-size-xxl{font-size:59px}<\/style><h2 class=\"elementor-heading-title elementor-size-default\">O Evento<\/h2>\t\t<\/div>\n\t\t\t\t<\/div>\n\t\t\t\t<div class=\"elementor-element elementor-element-b7c1598 elementor-align-left elementor-widget elementor-widget-breadcrumbs\" data-id=\"b7c1598\" data-element_type=\"widget\" data-widget_type=\"breadcrumbs.default\">\n\t\t\t\t<div class=\"elementor-widget-container\">\n\t\t\t<link rel=\"stylesheet\" href=\"https:\/\/shimanofest.com.br\/wp-content\/plugins\/pro-elements\/assets\/css\/widget-theme-elements.min.css\"><p id=\"breadcrumbs\"><span><span><a href=\"https:\/\/shimanofest.com.br\/\">Home<\/a><\/span><\/span><\/p>\t\t<\/div>\n\t\t\t\t<\/div>\n\t\t\t\t<\/div>\n\t\t<div class=\"elementor-element elementor-element-9596897 e-con-full content-box e-flex e-con\" data-id=\"9596897\" data-element_type=\"container\" data-settings=\"{&quot;content_width&quot;:&quot;full&quot;,&quot;background_background&quot;:&quot;classic&quot;}\">\n\t\t<div class=\"elementor-element elementor-element-3b32b9c e-con-full e-flex e-con\" data-id=\"3b32b9c\" data-element_type=\"container\" data-settings=\"{&quot;background_background&quot;:&quot;classic&quot;,&quot;content_width&quot;:&quot;full&quot;}\">\n\t\t\t\t<div class=\"elementor-element elementor-element-273f2ab elementor-widget elementor-widget-image\" data-id=\"273f2ab\" data-element_type=\"widget\" data-widget_type=\"image.default\">\n\t\t\t\t<div class=\"elementor-widget-container\">\n\t\t\t<style>\/*! elementor - v3.13.2 - 11-05-2023 *\/\n.elementor-widget-image{text-align:center}.elementor-widget-image a{display:inline-block}.elementor-widget-image a img[src$=\".svg\"]{width:48px}.elementor-widget-image img{vertical-align:middle;display:inline-block}<\/style>\t\t\t\t\t\t\t\t\t\t\t\t<img loading=\"lazy\" decoding=\"async\" width=\"2560\" height=\"1707\" src=\"https:\/\/shimanofest.com.br\/wp-content\/uploads\/2026\/04\/PPT_SFEST26-scaled.jpg\" class=\"attachment-full size-full wp-image-5006\" alt=\"\" srcset=\"https:\/\/shimanofest.com.br\/wp-content\/uploads\/2026\/04\/PPT_SFEST26-scaled.jpg 2560w, https:\/\/shimanofest.com.br\/wp-content\/uploads\/2026\/04\/PPT_SFEST26-300x200.jpg 300w, https:\/\/shimanofest.com.br\/wp-content\/uploads\/2026\/04\/PPT_SFEST26-1024x683.jpg 1024w, https:\/\/shimanofest.com.br\/wp-content\/uploads\/2026\/04\/PPT_SFEST26-768x512.jpg 768w, https:\/\/shimanofest.com.br\/wp-content\/uploads\/2026\/04\/PPT_SFEST26-1536x1024.jpg 1536w, https:\/\/shimanofest.com.br\/wp-content\/uploads\/2026\/04\/PPT_SFEST26-2048x1365.jpg 2048w\" sizes=\"(max-width: 2560px) 100vw, 2560px\" \/>\t\t\t\t\t\t\t\t\t\t\t\t\t\t\t<\/div>\n\t\t\t\t<\/div>\n\t\t\t\t<\/div>\n\t\t\t\t<div class=\"elementor-element elementor-element-4b706ce conteudo elementor-widget elementor-widget-text-editor\" data-id=\"4b706ce\" data-element_type=\"widget\" data-widget_type=\"text-editor.default\">\n\t\t\t\t<div class=\"elementor-widget-container\">\n\t\t\t<style>\/*! elementor - v3.13.2 - 11-05-2023 *\/\n.elementor-widget-text-editor.elementor-drop-cap-view-stacked .elementor-drop-cap{background-color:#69727d;color:#fff}.elementor-widget-text-editor.elementor-drop-cap-view-framed .elementor-drop-cap{color:#69727d;border:3px solid;background-color:transparent}.elementor-widget-text-editor:not(.elementor-drop-cap-view-default) .elementor-drop-cap{margin-top:8px}.elementor-widget-text-editor:not(.elementor-drop-cap-view-default) .elementor-drop-cap-letter{width:1em;height:1em}.elementor-widget-text-editor .elementor-drop-cap{float:left;text-align:center;line-height:1;font-size:50px}.elementor-widget-text-editor .elementor-drop-cap-letter{display:inline-block}<\/style>\t\t\t\t<p><strong>O que \u00e9 o evento?<\/strong><\/p><p>Festival da Bicicleta:<br \/>O Shimano Fest \u00e9 hoje a maior feira de neg\u00f3cios do setor da bicicleta no Brasil e tamb\u00e9m o maior festival da cultura da bike em toda a Am\u00e9rica Latina. O Shimano Fest \u00e9 um orgulho para n\u00f3s latinoamericanos pois estamos pr\u00f3ximos em n\u00fameros e estat\u00edsticas de eventos tradicionais na Europa.<\/p><p>Totalmente gr\u00e1tis:<\/p><p>O Shimano Fest \u00e9 um evento gratuito. S\u00e3o 4 dias de programa\u00e7\u00e3o: os 2 primeiros dias, 5a e 6a feira s\u00e3o<strong><span style=\"color: #029fe3;\"> exclusivos para profissionais do mercado da bike<\/span><\/strong>; s\u00e1bado e domingo s\u00e3o os dias do Festival, aberto a todos. Mas \u00e9 necess\u00e1rio <strong><a role=\"button\" href=\"#elementor-action%3Aaction%3Dpopup%3Aopen%26settings%3DeyJpZCI6IjQ2MSIsInRvZ2dsZSI6ZmFsc2V9\">fazer inscri\u00e7\u00e3o antecipada online<\/a><\/strong>.<\/p><p>No Shimano Fest voc\u00ea ver\u00e1:<\/p><p>Exposi\u00e7\u00e3o de produtos das principais marcas de bicicletas, acess\u00f3rios, vestu\u00e1rio, alimenta\u00e7\u00e3o e equipamentos do mundo da bike. Tem show de manobras na Arena Radical com exibi\u00e7\u00e3o de atletas do BMX; Espa\u00e7o Kids onde a crian\u00e7ada d\u00e1 as primeiras pedaladas e participa de v\u00e1rias brincadeiras com bikes de diversos tamanhos; participa de Test-ride de v\u00e1rias marcas de bike; assiste workshops, palestras e debates importantes sobre mobilidade, neg\u00f3cios, empreendedorismo e muito mais; temos 2 pra\u00e7as de alimenta\u00e7\u00e3o; torve por atletas da Elite do MTB na prova de Short Track: a \u00fanica dentro da cidade de SP; Shows de m\u00fasica al\u00e9m de muitas brincadeiras e divers\u00e3o.<\/p>\t\t\t\t\t\t<\/div>\n\t\t\t\t<\/div>\n\t\t\t\t<div class=\"elementor-element elementor-element-8b8316a inscricao elementor-hidden-desktop elementor-hidden-tablet elementor-hidden-mobile elementor-widget elementor-widget-button\" data-id=\"8b8316a\" data-element_type=\"widget\" data-widget_type=\"button.default\">\n\t\t\t\t<div class=\"elementor-widget-container\">\n\t\t\t\t\t<div class=\"elementor-button-wrapper\">\n\t\t\t<a href=\"#elementor-action%3Aaction%3Dpopup%3Aopen%26settings%3DeyJpZCI6IjQ2MSIsInRvZ2dsZSI6ZmFsc2V9\" class=\"elementor-button-link elementor-button elementor-size-sm\" role=\"button\">\n\t\t\t\t\t\t<span class=\"elementor-button-content-wrapper\">\n\t\t\t\t\t\t<span class=\"elementor-button-text\">Fa\u00e7a sua inscri\u00e7\u00e3o<\/span>\n\t\t<\/span>\n\t\t\t\t\t<\/a>\n\t\t<\/div>\n\t\t\t\t<\/div>\n\t\t\t\t<\/div>\n\t\t\t\t<\/div>\n\t\t\t\t<\/div>\n\t\t\t\t\t\t\t<\/div>\n\t\t","protected":false},"excerpt":{"rendered":"<p>O Evento O que \u00e9 o evento? Festival da Bicicleta:O Shimano Fest \u00e9 hoje a maior feira de neg\u00f3cios do setor da bicicleta no Brasil e tamb\u00e9m o maior festival da cultura da bike em toda a Am\u00e9rica Latina. O Shimano Fest \u00e9 um orgulho para n\u00f3s latinoamericanos pois estamos pr\u00f3ximos em n\u00fameros e estat\u00edsticas [&hellip;]<\/p>\n","protected":false},"author":3,"featured_media":0,"parent":16,"menu_order":0,"comment_status":"closed","ping_status":"closed","template":"","meta":{"inline_featured_image":false,"footnotes":""},"acf":[],"yoast_head":"<!-- This site is optimized with the Yoast SEO plugin v20.9 - https:\/\/yoast.com\/wordpress\/plugins\/seo\/ -->\n<title>O que \u00e9 - Shimano Fest<\/title>\n<meta name=\"robots\" content=\"index, follow, max-snippet:-1, max-image-preview:large, max-video-preview:-1\" \/>\n<link rel=\"canonical\" href=\"https:\/\/shimanofest.com.br\/index.php\/o-evento\/o-que-e\/\" \/>\n<meta property=\"og:locale\" content=\"pt_BR\" \/>\n<meta property=\"og:type\" content=\"article\" \/>\n<meta property=\"og:title\" content=\"O que \u00e9 - Shimano Fest\" \/>\n<meta property=\"og:description\" content=\"O Evento O que \u00e9 o evento? Festival da Bicicleta:O Shimano Fest \u00e9 hoje a maior feira de neg\u00f3cios do setor da bicicleta no Brasil e tamb\u00e9m o maior festival da cultura da bike em toda a Am\u00e9rica Latina. O Shimano Fest \u00e9 um orgulho para n\u00f3s latinoamericanos pois estamos pr\u00f3ximos em n\u00fameros e estat\u00edsticas [&hellip;]\" \/>\n<meta property=\"og:url\" content=\"https:\/\/shimanofest.com.br\/index.php\/o-evento\/o-que-e\/\" \/>\n<meta property=\"og:site_name\" content=\"Shimano Fest\" \/>\n<meta property=\"article:modified_time\" content=\"2026-04-09T20:38:37+00:00\" \/>\n<meta property=\"og:image\" content=\"https:\/\/shimanofest.com.br\/wp-content\/uploads\/2026\/04\/PPT_SFEST26-scaled.jpg\" \/>\n<meta name=\"twitter:card\" content=\"summary_large_image\" \/>\n<meta name=\"twitter:label1\" content=\"Est. tempo de leitura\" \/>\n\t<meta name=\"twitter:data1\" content=\"2 minutos\" \/>\n<script type=\"application\/ld+json\" class=\"yoast-schema-graph\">{\"@context\":\"https:\/\/schema.org\",\"@graph\":[{\"@type\":\"WebPage\",\"@id\":\"https:\/\/shimanofest.com.br\/index.php\/o-evento\/o-que-e\/\",\"url\":\"https:\/\/shimanofest.com.br\/index.php\/o-evento\/o-que-e\/\",\"name\":\"O que \u00e9 - Shimano Fest\",\"isPartOf\":{\"@id\":\"https:\/\/shimanofest.com.br\/#website\"},\"datePublished\":\"2023-05-25T20:19:35+00:00\",\"dateModified\":\"2026-04-09T20:38:37+00:00\",\"breadcrumb\":{\"@id\":\"https:\/\/shimanofest.com.br\/index.php\/o-evento\/o-que-e\/#breadcrumb\"},\"inLanguage\":\"pt-BR\",\"potentialAction\":[{\"@type\":\"ReadAction\",\"target\":[\"https:\/\/shimanofest.com.br\/index.php\/o-evento\/o-que-e\/\"]}]},{\"@type\":\"BreadcrumbList\",\"@id\":\"https:\/\/shimanofest.com.br\/index.php\/o-evento\/o-que-e\/#breadcrumb\",\"itemListElement\":[{\"@type\":\"ListItem\",\"position\":1,\"name\":\"Home\",\"item\":\"https:\/\/shimanofest.com.br\/\"},{\"@type\":\"ListItem\",\"position\":2,\"name\":\"O Evento\",\"item\":\"https:\/\/shimanofest.com.br\/index.php\/o-evento\/\"},{\"@type\":\"ListItem\",\"position\":3,\"name\":\"O que \u00e9\"}]},{\"@type\":\"WebSite\",\"@id\":\"https:\/\/shimanofest.com.br\/#website\",\"url\":\"https:\/\/shimanofest.com.br\/\",\"name\":\"Shimano Fest\",\"description\":\"\",\"potentialAction\":[{\"@type\":\"SearchAction\",\"target\":{\"@type\":\"EntryPoint\",\"urlTemplate\":\"https:\/\/shimanofest.com.br\/?s={search_term_string}\"},\"query-input\":\"required name=search_term_string\"}],\"inLanguage\":\"pt-BR\"}]}<\/script>\n<!-- \/ Yoast SEO plugin. -->","yoast_head_json":{"title":"O que \u00e9 - Shimano Fest","robots":{"index":"index","follow":"follow","max-snippet":"max-snippet:-1","max-image-preview":"max-image-preview:large","max-video-preview":"max-video-preview:-1"},"canonical":"https:\/\/shimanofest.com.br\/index.php\/o-evento\/o-que-e\/","og_locale":"pt_BR","og_type":"article","og_title":"O que \u00e9 - Shimano Fest","og_description":"O Evento O que \u00e9 o evento? Festival da Bicicleta:O Shimano Fest \u00e9 hoje a maior feira de neg\u00f3cios do setor da bicicleta no Brasil e tamb\u00e9m o maior festival da cultura da bike em toda a Am\u00e9rica Latina. O Shimano Fest \u00e9 um orgulho para n\u00f3s latinoamericanos pois estamos pr\u00f3ximos em n\u00fameros e estat\u00edsticas [&hellip;]","og_url":"https:\/\/shimanofest.com.br\/index.php\/o-evento\/o-que-e\/","og_site_name":"Shimano Fest","article_modified_time":"2026-04-09T20:38:37+00:00","og_image":[{"url":"https:\/\/shimanofest.com.br\/wp-content\/uploads\/2026\/04\/PPT_SFEST26-scaled.jpg"}],"twitter_card":"summary_large_image","twitter_misc":{"Est. tempo de leitura":"2 minutos"},"schema":{"@context":"https:\/\/schema.org","@graph":[{"@type":"WebPage","@id":"https:\/\/shimanofest.com.br\/index.php\/o-evento\/o-que-e\/","url":"https:\/\/shimanofest.com.br\/index.php\/o-evento\/o-que-e\/","name":"O que \u00e9 - Shimano Fest","isPartOf":{"@id":"https:\/\/shimanofest.com.br\/#website"},"datePublished":"2023-05-25T20:19:35+00:00","dateModified":"2026-04-09T20:38:37+00:00","breadcrumb":{"@id":"https:\/\/shimanofest.com.br\/index.php\/o-evento\/o-que-e\/#breadcrumb"},"inLanguage":"pt-BR","potentialAction":[{"@type":"ReadAction","target":["https:\/\/shimanofest.com.br\/index.php\/o-evento\/o-que-e\/"]}]},{"@type":"BreadcrumbList","@id":"https:\/\/shimanofest.com.br\/index.php\/o-evento\/o-que-e\/#breadcrumb","itemListElement":[{"@type":"ListItem","position":1,"name":"Home","item":"https:\/\/shimanofest.com.br\/"},{"@type":"ListItem","position":2,"name":"O Evento","item":"https:\/\/shimanofest.com.br\/index.php\/o-evento\/"},{"@type":"ListItem","position":3,"name":"O que \u00e9"}]},{"@type":"WebSite","@id":"https:\/\/shimanofest.com.br\/#website","url":"https:\/\/shimanofest.com.br\/","name":"Shimano Fest","description":"","potentialAction":[{"@type":"SearchAction","target":{"@type":"EntryPoint","urlTemplate":"https:\/\/shimanofest.com.br\/?s={search_term_string}"},"query-input":"required name=search_term_string"}],"inLanguage":"pt-BR"}]}},"_links":{"self":[{"href":"https:\/\/shimanofest.com.br\/index.php\/wp-json\/wp\/v2\/pages\/30"}],"collection":[{"href":"https:\/\/shimanofest.com.br\/index.php\/wp-json\/wp\/v2\/pages"}],"about":[{"href":"https:\/\/shimanofest.com.br\/index.php\/wp-json\/wp\/v2\/types\/page"}],"author":[{"embeddable":true,"href":"https:\/\/shimanofest.com.br\/index.php\/wp-json\/wp\/v2\/users\/3"}],"replies":[{"embeddable":true,"href":"https:\/\/shimanofest.com.br\/index.php\/wp-json\/wp\/v2\/comments?post=30"}],"version-history":[{"count":58,"href":"https:\/\/shimanofest.com.br\/index.php\/wp-json\/wp\/v2\/pages\/30\/revisions"}],"predecessor-version":[{"id":5138,"href":"https:\/\/shimanofest.com.br\/index.php\/wp-json\/wp\/v2\/pages\/30\/revisions\/5138"}],"up":[{"embeddable":true,"href":"https:\/\/shimanofest.com.br\/index.php\/wp-json\/wp\/v2\/pages\/16"}],"wp:attachment":[{"href":"https:\/\/shimanofest.com.br\/index.php\/wp-json\/wp\/v2\/media?parent=30"}],"curies":[{"name":"wp","href":"https:\/\/api.w.org\/{rel}","templated":true}]}}