{"id":38,"date":"2023-05-25T20:20:45","date_gmt":"2023-05-25T20:20:45","guid":{"rendered":"http:\/\/ec2-18-229-160-1.sa-east-1.compute.amazonaws.com\/?page_id=38"},"modified":"2026-04-09T17:53:40","modified_gmt":"2026-04-09T20:53:40","slug":"manifesto","status":"publish","type":"page","link":"https:\/\/shimanofest.com.br\/index.php\/o-evento\/manifesto\/","title":{"rendered":"Manifesto"},"content":{"rendered":"\t\t<div data-elementor-type=\"wp-page\" data-elementor-id=\"38\" class=\"elementor elementor-38\">\n\t\t\t\t\t\t\t<div class=\"elementor-element elementor-element-7707e59 e-con-boxed e-flex e-con\" data-id=\"7707e59\" data-element_type=\"container\" data-settings=\"{&quot;background_background&quot;:&quot;classic&quot;,&quot;content_width&quot;:&quot;boxed&quot;}\">\n\t\t\t\t\t<div class=\"e-con-inner\">\n\t\t<div class=\"elementor-element elementor-element-aa400c8 e-con-full e-flex e-con\" data-id=\"aa400c8\" data-element_type=\"container\" data-settings=\"{&quot;content_width&quot;:&quot;full&quot;}\">\n\t\t\t\t<div class=\"elementor-element elementor-element-73ebd59 elementor-widget elementor-widget-heading\" data-id=\"73ebd59\" data-element_type=\"widget\" data-widget_type=\"heading.default\">\n\t\t\t\t<div class=\"elementor-widget-container\">\n\t\t\t<style>\/*! elementor - v3.13.2 - 11-05-2023 *\/\n.elementor-heading-title{padding:0;margin:0;line-height:1}.elementor-widget-heading .elementor-heading-title[class*=elementor-size-]>a{color:inherit;font-size:inherit;line-height:inherit}.elementor-widget-heading .elementor-heading-title.elementor-size-small{font-size:15px}.elementor-widget-heading .elementor-heading-title.elementor-size-medium{font-size:19px}.elementor-widget-heading .elementor-heading-title.elementor-size-large{font-size:29px}.elementor-widget-heading .elementor-heading-title.elementor-size-xl{font-size:39px}.elementor-widget-heading .elementor-heading-title.elementor-size-xxl{font-size:59px}<\/style><h2 class=\"elementor-heading-title elementor-size-medium\">Manifesto Shimano Fest 2026<\/h2>\t\t<\/div>\n\t\t\t\t<\/div>\n\t\t\t\t<div class=\"elementor-element elementor-element-d85fcc0 elementor-widget elementor-widget-breadcrumbs\" data-id=\"d85fcc0\" data-element_type=\"widget\" data-widget_type=\"breadcrumbs.default\">\n\t\t\t\t<div class=\"elementor-widget-container\">\n\t\t\t<link rel=\"stylesheet\" href=\"https:\/\/shimanofest.com.br\/wp-content\/plugins\/pro-elements\/assets\/css\/widget-theme-elements.min.css\"><p id=\"breadcrumbs\"><span><span><a href=\"https:\/\/shimanofest.com.br\/\">Home<\/a><\/span><\/span><\/p>\t\t<\/div>\n\t\t\t\t<\/div>\n\t\t\t\t<\/div>\n\t\t<div class=\"elementor-element elementor-element-c7c334d content-box e-con-boxed e-flex e-con\" data-id=\"c7c334d\" data-element_type=\"container\" data-settings=\"{&quot;background_background&quot;:&quot;classic&quot;,&quot;content_width&quot;:&quot;boxed&quot;}\">\n\t\t\t\t\t<div class=\"e-con-inner\">\n\t\t\t\t<div class=\"elementor-element elementor-element-90bfcc4 elementor-widget__width-initial elementor-widget elementor-widget-image\" data-id=\"90bfcc4\" data-element_type=\"widget\" data-widget_type=\"image.default\">\n\t\t\t\t<div class=\"elementor-widget-container\">\n\t\t\t<style>\/*! elementor - v3.13.2 - 11-05-2023 *\/\n.elementor-widget-image{text-align:center}.elementor-widget-image a{display:inline-block}.elementor-widget-image a img[src$=\".svg\"]{width:48px}.elementor-widget-image img{vertical-align:middle;display:inline-block}<\/style>\t\t\t\t\t\t\t\t\t\t\t\t<img decoding=\"async\" src=\"https:\/\/shimanofest.com.br\/wp-content\/uploads\/2026\/04\/SAVETHEDATE_HOME_B.png.jpg\" title=\"\" alt=\"\" loading=\"lazy\" \/>\t\t\t\t\t\t\t\t\t\t\t\t\t\t\t<\/div>\n\t\t\t\t<\/div>\n\t\t\t\t<div class=\"elementor-element elementor-element-6aa7bca elementor-widget elementor-widget-heading\" data-id=\"6aa7bca\" data-element_type=\"widget\" data-widget_type=\"heading.default\">\n\t\t\t\t<div class=\"elementor-widget-container\">\n\t\t\t<h2 class=\"elementor-heading-title elementor-size-default\">O Festival da Cidade, Shimano Fest 2026<\/h2>\t\t<\/div>\n\t\t\t\t<\/div>\n\t\t\t\t<div class=\"elementor-element elementor-element-afc6dce elementor-widget__width-initial elementor-widget elementor-widget-text-editor\" data-id=\"afc6dce\" data-element_type=\"widget\" data-widget_type=\"text-editor.default\">\n\t\t\t\t<div class=\"elementor-widget-container\">\n\t\t\t<style>\/*! elementor - v3.13.2 - 11-05-2023 *\/\n.elementor-widget-text-editor.elementor-drop-cap-view-stacked .elementor-drop-cap{background-color:#69727d;color:#fff}.elementor-widget-text-editor.elementor-drop-cap-view-framed .elementor-drop-cap{color:#69727d;border:3px solid;background-color:transparent}.elementor-widget-text-editor:not(.elementor-drop-cap-view-default) .elementor-drop-cap{margin-top:8px}.elementor-widget-text-editor:not(.elementor-drop-cap-view-default) .elementor-drop-cap-letter{width:1em;height:1em}.elementor-widget-text-editor .elementor-drop-cap{float:left;text-align:center;line-height:1;font-size:50px}.elementor-widget-text-editor .elementor-drop-cap-letter{display:inline-block}<\/style>\t\t\t\t<p>Desde sua cria\u00e7\u00e3o em 2010, o festival da bicicleta, um evento novo e diferente do que normalmente se fazia em termos de competi\u00e7\u00f5es envolvendo ciclismo, veio com a proposta de ser perene e popular.<\/p><p>Ser um evento que reunisse em um mesmo espa\u00e7o e numa mesma atmosfera, tanto amantes e f\u00e3s do ciclismo, quanto aqueles que n\u00e3o conheciam nada de bicicleta. Algo que concretizasse o desejo de tornar o universo da bicicleta mais acess\u00edvel e interessante para mais pessoas, de todas as idades.<\/p><p>Dezesseis anos se passaram e \u00e0 medida que caminhamos rumo \u00e0 maturidade desse incr\u00edvel festival, percebemos como aquelas propostas iniciais aos poucos se concretizaram: pedras fundamentais de um grande movimento que evolui e traz benef\u00edcios tang\u00edveis para todo um mercado bastante singular.<\/p><p>Sim, <b>Movimento<\/b>, pois esse evento \u00e9 din\u00e2mico e transformador, capaz de reunir os diferentes atores desse ecossistema (marcas, fabricantes, profissionais, atletas, m\u00eddia e formadores de opini\u00e3o), que se encontram e trocam informa\u00e7\u00f5es, em um local \u00fanico e adequado, durante 4 dias no ano.<\/p><p>\u00c9 devido a esse intenso perfil fomentador de neg\u00f3cios e intera\u00e7\u00f5es, palco das mais diversas rela\u00e7\u00f5es comerciais, industriais, mas tamb\u00e9m de atualiza\u00e7\u00f5es tecnol\u00f3gicas e de sustentabilidade, que o Festival da Bike se transformou em um evento da <b>Cidade de S\u00e3o Paulo<\/b>. Ao percebemos esse impacto e notarmos tantas pessoas e empreendedores relacionados a bicicleta se movimentando e se renovando a cada edi\u00e7\u00e3o, acreditamos realmente que abra\u00e7ar a <b>mobilidade urbana e rural<\/b> pode ser o grande impulso e motiva\u00e7\u00e3o para a nossa edi\u00e7\u00e3o do Festival da Bike em 2026.<\/p><p>Convidamos voc\u00ea a se movimentar ativamente com a gente<br \/>#mobilidadeativaSF26<\/p>\t\t\t\t\t\t<\/div>\n\t\t\t\t<\/div>\n\t\t\t\t<div class=\"elementor-element elementor-element-68aff3f elementor-widget elementor-widget-heading\" data-id=\"68aff3f\" data-element_type=\"widget\" data-widget_type=\"heading.default\">\n\t\t\t\t<div class=\"elementor-widget-container\">\n\t\t\t<h2 class=\"elementor-heading-title elementor-size-default\">#MOBILIDADEATIVASF26<\/h2>\t\t<\/div>\n\t\t\t\t<\/div>\n\t\t\t\t\t<\/div>\n\t\t\t\t<\/div>\n\t\t\t\t\t<\/div>\n\t\t\t\t<\/div>\n\t\t\t\t\t\t\t<\/div>\n\t\t","protected":false},"excerpt":{"rendered":"<p>Manifesto Shimano Fest 2026 O Festival da Cidade, Shimano Fest 2026 Desde sua cria\u00e7\u00e3o em 2010, o festival da bicicleta, um evento novo e diferente do que normalmente se fazia em termos de competi\u00e7\u00f5es envolvendo ciclismo, veio com a proposta de ser perene e popular. Ser um evento que reunisse em um mesmo espa\u00e7o e [&hellip;]<\/p>\n","protected":false},"author":3,"featured_media":361,"parent":16,"menu_order":0,"comment_status":"closed","ping_status":"closed","template":"","meta":{"inline_featured_image":false,"footnotes":""},"acf":[],"yoast_head":"<!-- This site is optimized with the Yoast SEO plugin v20.9 - https:\/\/yoast.com\/wordpress\/plugins\/seo\/ -->\n<title>Manifesto - Shimano Fest<\/title>\n<meta name=\"robots\" content=\"index, follow, max-snippet:-1, max-image-preview:large, max-video-preview:-1\" \/>\n<link rel=\"canonical\" href=\"https:\/\/shimanofest.com.br\/index.php\/o-evento\/manifesto\/\" \/>\n<meta property=\"og:locale\" content=\"pt_BR\" \/>\n<meta property=\"og:type\" content=\"article\" \/>\n<meta property=\"og:title\" content=\"Manifesto - Shimano Fest\" \/>\n<meta property=\"og:description\" content=\"Manifesto Shimano Fest 2026 O Festival da Cidade, Shimano Fest 2026 Desde sua cria\u00e7\u00e3o em 2010, o festival da bicicleta, um evento novo e diferente do que normalmente se fazia em termos de competi\u00e7\u00f5es envolvendo ciclismo, veio com a proposta de ser perene e popular. Ser um evento que reunisse em um mesmo espa\u00e7o e [&hellip;]\" \/>\n<meta property=\"og:url\" content=\"https:\/\/shimanofest.com.br\/index.php\/o-evento\/manifesto\/\" \/>\n<meta property=\"og:site_name\" content=\"Shimano Fest\" \/>\n<meta property=\"article:modified_time\" content=\"2026-04-09T20:53:40+00:00\" \/>\n<meta property=\"og:image\" content=\"https:\/\/shimanofest.com.br\/wp-content\/uploads\/2023\/05\/bg-top.jpg\" \/>\n\t<meta property=\"og:image:width\" content=\"1920\" \/>\n\t<meta property=\"og:image:height\" content=\"600\" \/>\n\t<meta property=\"og:image:type\" content=\"image\/jpeg\" \/>\n<meta name=\"twitter:card\" content=\"summary_large_image\" \/>\n<meta name=\"twitter:label1\" content=\"Est. tempo de leitura\" \/>\n\t<meta name=\"twitter:data1\" content=\"2 minutos\" \/>\n<script type=\"application\/ld+json\" class=\"yoast-schema-graph\">{\"@context\":\"https:\/\/schema.org\",\"@graph\":[{\"@type\":\"WebPage\",\"@id\":\"https:\/\/shimanofest.com.br\/index.php\/o-evento\/manifesto\/\",\"url\":\"https:\/\/shimanofest.com.br\/index.php\/o-evento\/manifesto\/\",\"name\":\"Manifesto - Shimano Fest\",\"isPartOf\":{\"@id\":\"https:\/\/shimanofest.com.br\/#website\"},\"datePublished\":\"2023-05-25T20:20:45+00:00\",\"dateModified\":\"2026-04-09T20:53:40+00:00\",\"breadcrumb\":{\"@id\":\"https:\/\/shimanofest.com.br\/index.php\/o-evento\/manifesto\/#breadcrumb\"},\"inLanguage\":\"pt-BR\",\"potentialAction\":[{\"@type\":\"ReadAction\",\"target\":[\"https:\/\/shimanofest.com.br\/index.php\/o-evento\/manifesto\/\"]}]},{\"@type\":\"BreadcrumbList\",\"@id\":\"https:\/\/shimanofest.com.br\/index.php\/o-evento\/manifesto\/#breadcrumb\",\"itemListElement\":[{\"@type\":\"ListItem\",\"position\":1,\"name\":\"Home\",\"item\":\"https:\/\/shimanofest.com.br\/\"},{\"@type\":\"ListItem\",\"position\":2,\"name\":\"O Evento\",\"item\":\"https:\/\/shimanofest.com.br\/index.php\/o-evento\/\"},{\"@type\":\"ListItem\",\"position\":3,\"name\":\"Manifesto\"}]},{\"@type\":\"WebSite\",\"@id\":\"https:\/\/shimanofest.com.br\/#website\",\"url\":\"https:\/\/shimanofest.com.br\/\",\"name\":\"Shimano Fest\",\"description\":\"\",\"potentialAction\":[{\"@type\":\"SearchAction\",\"target\":{\"@type\":\"EntryPoint\",\"urlTemplate\":\"https:\/\/shimanofest.com.br\/?s={search_term_string}\"},\"query-input\":\"required name=search_term_string\"}],\"inLanguage\":\"pt-BR\"}]}<\/script>\n<!-- \/ Yoast SEO plugin. -->","yoast_head_json":{"title":"Manifesto - Shimano Fest","robots":{"index":"index","follow":"follow","max-snippet":"max-snippet:-1","max-image-preview":"max-image-preview:large","max-video-preview":"max-video-preview:-1"},"canonical":"https:\/\/shimanofest.com.br\/index.php\/o-evento\/manifesto\/","og_locale":"pt_BR","og_type":"article","og_title":"Manifesto - Shimano Fest","og_description":"Manifesto Shimano Fest 2026 O Festival da Cidade, Shimano Fest 2026 Desde sua cria\u00e7\u00e3o em 2010, o festival da bicicleta, um evento novo e diferente do que normalmente se fazia em termos de competi\u00e7\u00f5es envolvendo ciclismo, veio com a proposta de ser perene e popular. Ser um evento que reunisse em um mesmo espa\u00e7o e [&hellip;]","og_url":"https:\/\/shimanofest.com.br\/index.php\/o-evento\/manifesto\/","og_site_name":"Shimano Fest","article_modified_time":"2026-04-09T20:53:40+00:00","og_image":[{"width":1920,"height":600,"url":"https:\/\/shimanofest.com.br\/wp-content\/uploads\/2023\/05\/bg-top.jpg","type":"image\/jpeg"}],"twitter_card":"summary_large_image","twitter_misc":{"Est. tempo de leitura":"2 minutos"},"schema":{"@context":"https:\/\/schema.org","@graph":[{"@type":"WebPage","@id":"https:\/\/shimanofest.com.br\/index.php\/o-evento\/manifesto\/","url":"https:\/\/shimanofest.com.br\/index.php\/o-evento\/manifesto\/","name":"Manifesto - Shimano Fest","isPartOf":{"@id":"https:\/\/shimanofest.com.br\/#website"},"datePublished":"2023-05-25T20:20:45+00:00","dateModified":"2026-04-09T20:53:40+00:00","breadcrumb":{"@id":"https:\/\/shimanofest.com.br\/index.php\/o-evento\/manifesto\/#breadcrumb"},"inLanguage":"pt-BR","potentialAction":[{"@type":"ReadAction","target":["https:\/\/shimanofest.com.br\/index.php\/o-evento\/manifesto\/"]}]},{"@type":"BreadcrumbList","@id":"https:\/\/shimanofest.com.br\/index.php\/o-evento\/manifesto\/#breadcrumb","itemListElement":[{"@type":"ListItem","position":1,"name":"Home","item":"https:\/\/shimanofest.com.br\/"},{"@type":"ListItem","position":2,"name":"O Evento","item":"https:\/\/shimanofest.com.br\/index.php\/o-evento\/"},{"@type":"ListItem","position":3,"name":"Manifesto"}]},{"@type":"WebSite","@id":"https:\/\/shimanofest.com.br\/#website","url":"https:\/\/shimanofest.com.br\/","name":"Shimano Fest","description":"","potentialAction":[{"@type":"SearchAction","target":{"@type":"EntryPoint","urlTemplate":"https:\/\/shimanofest.com.br\/?s={search_term_string}"},"query-input":"required name=search_term_string"}],"inLanguage":"pt-BR"}]}},"_links":{"self":[{"href":"https:\/\/shimanofest.com.br\/index.php\/wp-json\/wp\/v2\/pages\/38"}],"collection":[{"href":"https:\/\/shimanofest.com.br\/index.php\/wp-json\/wp\/v2\/pages"}],"about":[{"href":"https:\/\/shimanofest.com.br\/index.php\/wp-json\/wp\/v2\/types\/page"}],"author":[{"embeddable":true,"href":"https:\/\/shimanofest.com.br\/index.php\/wp-json\/wp\/v2\/users\/3"}],"replies":[{"embeddable":true,"href":"https:\/\/shimanofest.com.br\/index.php\/wp-json\/wp\/v2\/comments?post=38"}],"version-history":[{"count":127,"href":"https:\/\/shimanofest.com.br\/index.php\/wp-json\/wp\/v2\/pages\/38\/revisions"}],"predecessor-version":[{"id":5156,"href":"https:\/\/shimanofest.com.br\/index.php\/wp-json\/wp\/v2\/pages\/38\/revisions\/5156"}],"up":[{"embeddable":true,"href":"https:\/\/shimanofest.com.br\/index.php\/wp-json\/wp\/v2\/pages\/16"}],"wp:featuredmedia":[{"embeddable":true,"href":"https:\/\/shimanofest.com.br\/index.php\/wp-json\/wp\/v2\/media\/361"}],"wp:attachment":[{"href":"https:\/\/shimanofest.com.br\/index.php\/wp-json\/wp\/v2\/media?parent=38"}],"curies":[{"name":"wp","href":"https:\/\/api.w.org\/{rel}","templated":true}]}}