{"id":54,"date":"2023-05-25T20:24:22","date_gmt":"2023-05-25T20:24:22","guid":{"rendered":"http:\/\/ec2-18-229-160-1.sa-east-1.compute.amazonaws.com\/?page_id=54"},"modified":"2026-04-16T14:49:43","modified_gmt":"2026-04-16T17:49:43","slug":"pedal-santuu-e-shimano","status":"publish","type":"page","link":"https:\/\/shimanofest.com.br\/index.php\/atracoes\/pedal-santuu-e-shimano\/","title":{"rendered":"Pedal Santuu e Shimano"},"content":{"rendered":"\t\t<div data-elementor-type=\"wp-page\" data-elementor-id=\"54\" class=\"elementor elementor-54\">\n\t\t\t\t\t\t\t<div class=\"elementor-element elementor-element-8e4ca42 e-con-boxed e-flex e-con\" data-id=\"8e4ca42\" data-element_type=\"container\" data-settings=\"{&quot;background_background&quot;:&quot;classic&quot;,&quot;content_width&quot;:&quot;boxed&quot;}\">\n\t\t\t\t\t<div class=\"e-con-inner\">\n\t\t<div class=\"elementor-element elementor-element-0735400 e-con-full e-flex e-con\" data-id=\"0735400\" data-element_type=\"container\" data-settings=\"{&quot;content_width&quot;:&quot;full&quot;}\">\n\t\t\t\t<div class=\"elementor-element elementor-element-8c346e0 elementor-widget elementor-widget-heading\" data-id=\"8c346e0\" data-element_type=\"widget\" data-widget_type=\"heading.default\">\n\t\t\t\t<div class=\"elementor-widget-container\">\n\t\t\t<style>\/*! elementor - v3.13.2 - 11-05-2023 *\/\n.elementor-heading-title{padding:0;margin:0;line-height:1}.elementor-widget-heading .elementor-heading-title[class*=elementor-size-]>a{color:inherit;font-size:inherit;line-height:inherit}.elementor-widget-heading .elementor-heading-title.elementor-size-small{font-size:15px}.elementor-widget-heading .elementor-heading-title.elementor-size-medium{font-size:19px}.elementor-widget-heading .elementor-heading-title.elementor-size-large{font-size:29px}.elementor-widget-heading .elementor-heading-title.elementor-size-xl{font-size:39px}.elementor-widget-heading .elementor-heading-title.elementor-size-xxl{font-size:59px}<\/style><h2 class=\"elementor-heading-title elementor-size-default\">Pedal Santuu Shimano Fest<\/h2>\t\t<\/div>\n\t\t\t\t<\/div>\n\t\t\t\t<div class=\"elementor-element elementor-element-50e4f7b elementor-align-left elementor-widget elementor-widget-breadcrumbs\" data-id=\"50e4f7b\" data-element_type=\"widget\" data-widget_type=\"breadcrumbs.default\">\n\t\t\t\t<div class=\"elementor-widget-container\">\n\t\t\t<link rel=\"stylesheet\" href=\"https:\/\/shimanofest.com.br\/wp-content\/plugins\/pro-elements\/assets\/css\/widget-theme-elements.min.css\"><p id=\"breadcrumbs\"><span><span><a href=\"https:\/\/shimanofest.com.br\/\">Home<\/a><\/span><\/span><\/p>\t\t<\/div>\n\t\t\t\t<\/div>\n\t\t\t\t<\/div>\n\t\t<div class=\"elementor-element elementor-element-257c0bf e-con-full content-box e-flex e-con\" data-id=\"257c0bf\" data-element_type=\"container\" data-settings=\"{&quot;content_width&quot;:&quot;full&quot;,&quot;background_background&quot;:&quot;classic&quot;}\">\n\t\t\t\t<div class=\"elementor-element elementor-element-2ca0271 elementor-widget elementor-widget-image\" data-id=\"2ca0271\" data-element_type=\"widget\" data-widget_type=\"image.default\">\n\t\t\t\t<div class=\"elementor-widget-container\">\n\t\t\t<style>\/*! elementor - v3.13.2 - 11-05-2023 *\/\n.elementor-widget-image{text-align:center}.elementor-widget-image a{display:inline-block}.elementor-widget-image a img[src$=\".svg\"]{width:48px}.elementor-widget-image img{vertical-align:middle;display:inline-block}<\/style>\t\t\t\t\t\t\t\t\t\t\t\t<img loading=\"lazy\" decoding=\"async\" width=\"1088\" height=\"724\" src=\"https:\/\/shimanofest.com.br\/wp-content\/uploads\/2023\/06\/DJI_0038.jpg\" class=\"attachment-full size-full wp-image-977\" alt=\"\" srcset=\"https:\/\/shimanofest.com.br\/wp-content\/uploads\/2023\/06\/DJI_0038.jpg 1088w, https:\/\/shimanofest.com.br\/wp-content\/uploads\/2023\/06\/DJI_0038-300x200.jpg 300w, https:\/\/shimanofest.com.br\/wp-content\/uploads\/2023\/06\/DJI_0038-1024x681.jpg 1024w, https:\/\/shimanofest.com.br\/wp-content\/uploads\/2023\/06\/DJI_0038-768x511.jpg 768w\" sizes=\"(max-width: 1088px) 100vw, 1088px\" \/>\t\t\t\t\t\t\t\t\t\t\t\t\t\t\t<\/div>\n\t\t\t\t<\/div>\n\t\t\t\t<div class=\"elementor-element elementor-element-64afd25 conteudo elementor-widget elementor-widget-text-editor\" data-id=\"64afd25\" data-element_type=\"widget\" data-widget_type=\"text-editor.default\">\n\t\t\t\t<div class=\"elementor-widget-container\">\n\t\t\t<style>\/*! elementor - v3.13.2 - 11-05-2023 *\/\n.elementor-widget-text-editor.elementor-drop-cap-view-stacked .elementor-drop-cap{background-color:#69727d;color:#fff}.elementor-widget-text-editor.elementor-drop-cap-view-framed .elementor-drop-cap{color:#69727d;border:3px solid;background-color:transparent}.elementor-widget-text-editor:not(.elementor-drop-cap-view-default) .elementor-drop-cap{margin-top:8px}.elementor-widget-text-editor:not(.elementor-drop-cap-view-default) .elementor-drop-cap-letter{width:1em;height:1em}.elementor-widget-text-editor .elementor-drop-cap{float:left;text-align:center;line-height:1;font-size:50px}.elementor-widget-text-editor .elementor-drop-cap-letter{display:inline-block}<\/style>\t\t\t\t<h4><strong>No m\u00eas de agosto, S\u00e3o Paulo se transforma na capital nacional da bicicleta.<\/strong><\/h4><h4>Al\u00e9m da grande Feira de Neg\u00f3cios da Bicicleta e do maior festival da bike da Am\u00e9rica Latina que acontece no Memorial da Am\u00e9rica Latina em agosto, no domingo dia 23 de manh\u00e3, acontece o maior Passeio Cicl\u00edstico urbano da cidade de S\u00e3o Paulo: o <span style=\"text-decoration: underline;\">Pedal Santuu Shimano Fest<\/span>, que vai reunir mais de 6 mil ciclistas, saindo da Sub Prefeitura de Pinheiros, pedalando at\u00e9 o Shimano Fest na Barra Funda!\u00a0<\/h4><p>Em 2025 tivemos cerca de 6 mil bikes cruzando a cidade rumo ao Festival da Bike no Memorial na Barra Funda,\u00a0 esse ano vamos bater o record e contamos com voc\u00ea!\u00a0Participe do passeio com sua fam\u00edlia e concorra a pr\u00eamios, com muita divers\u00e3o, cidadania e uni\u00e3o!<\/p><p>O Passeio Santuu Shimano Fest \u00e9 gratuito: se voc\u00ea \u00e9 de fora de S\u00e3o Paulo, aproveite para pedalar pelas ruas da cidade e conhecer SP de uma forma diferente. Fa\u00e7a sua inscri\u00e7\u00e3o gratuita pelo APP da Santuu em breve.<\/p><h6>Os dados pessoais informados para participa\u00e7\u00e3o no Evento (Festival da Bike) ser\u00e3o coletados, armazenados e tratados sob responsabilidade da SANTUU, observados os termos e condi\u00e7\u00f5es do seu \u201cAviso de Publicidade\u201d.<\/h6>\t\t\t\t\t\t<\/div>\n\t\t\t\t<\/div>\n\t\t\t\t<\/div>\n\t\t\t\t\t<\/div>\n\t\t\t\t<\/div>\n\t\t\t\t\t\t\t<\/div>\n\t\t","protected":false},"excerpt":{"rendered":"<p>Pedal Santuu Shimano Fest No m\u00eas de agosto, S\u00e3o Paulo se transforma na capital nacional da bicicleta. Al\u00e9m da grande Feira de Neg\u00f3cios da Bicicleta e do maior festival da bike da Am\u00e9rica Latina que acontece no Memorial da Am\u00e9rica Latina em agosto, no domingo dia 23 de manh\u00e3, acontece o maior Passeio Cicl\u00edstico urbano [&hellip;]<\/p>\n","protected":false},"author":3,"featured_media":0,"parent":22,"menu_order":0,"comment_status":"closed","ping_status":"closed","template":"","meta":{"inline_featured_image":false,"footnotes":""},"acf":[],"yoast_head":"<!-- This site is optimized with the Yoast SEO plugin v20.9 - https:\/\/yoast.com\/wordpress\/plugins\/seo\/ -->\n<title>Pedal Santuu e Shimano - Shimano Fest<\/title>\n<meta name=\"robots\" content=\"index, follow, max-snippet:-1, max-image-preview:large, max-video-preview:-1\" \/>\n<link rel=\"canonical\" href=\"https:\/\/shimanofest.com.br\/index.php\/atracoes\/pedal-santuu-e-shimano\/\" \/>\n<meta property=\"og:locale\" content=\"pt_BR\" \/>\n<meta property=\"og:type\" content=\"article\" \/>\n<meta property=\"og:title\" content=\"Pedal Santuu e Shimano - Shimano Fest\" \/>\n<meta property=\"og:description\" content=\"Pedal Santuu Shimano Fest No m\u00eas de agosto, S\u00e3o Paulo se transforma na capital nacional da bicicleta. Al\u00e9m da grande Feira de Neg\u00f3cios da Bicicleta e do maior festival da bike da Am\u00e9rica Latina que acontece no Memorial da Am\u00e9rica Latina em agosto, no domingo dia 23 de manh\u00e3, acontece o maior Passeio Cicl\u00edstico urbano [&hellip;]\" \/>\n<meta property=\"og:url\" content=\"https:\/\/shimanofest.com.br\/index.php\/atracoes\/pedal-santuu-e-shimano\/\" \/>\n<meta property=\"og:site_name\" content=\"Shimano Fest\" \/>\n<meta property=\"article:modified_time\" content=\"2026-04-16T17:49:43+00:00\" \/>\n<meta property=\"og:image\" content=\"https:\/\/shimanofest.com.br\/wp-content\/uploads\/2023\/06\/DJI_0038.jpg\" \/>\n<meta name=\"twitter:card\" content=\"summary_large_image\" \/>\n<meta name=\"twitter:label1\" content=\"Est. tempo de leitura\" \/>\n\t<meta name=\"twitter:data1\" content=\"2 minutos\" \/>\n<script type=\"application\/ld+json\" class=\"yoast-schema-graph\">{\"@context\":\"https:\/\/schema.org\",\"@graph\":[{\"@type\":\"WebPage\",\"@id\":\"https:\/\/shimanofest.com.br\/index.php\/atracoes\/pedal-santuu-e-shimano\/\",\"url\":\"https:\/\/shimanofest.com.br\/index.php\/atracoes\/pedal-santuu-e-shimano\/\",\"name\":\"Pedal Santuu e Shimano - Shimano Fest\",\"isPartOf\":{\"@id\":\"https:\/\/shimanofest.com.br\/#website\"},\"datePublished\":\"2023-05-25T20:24:22+00:00\",\"dateModified\":\"2026-04-16T17:49:43+00:00\",\"breadcrumb\":{\"@id\":\"https:\/\/shimanofest.com.br\/index.php\/atracoes\/pedal-santuu-e-shimano\/#breadcrumb\"},\"inLanguage\":\"pt-BR\",\"potentialAction\":[{\"@type\":\"ReadAction\",\"target\":[\"https:\/\/shimanofest.com.br\/index.php\/atracoes\/pedal-santuu-e-shimano\/\"]}]},{\"@type\":\"BreadcrumbList\",\"@id\":\"https:\/\/shimanofest.com.br\/index.php\/atracoes\/pedal-santuu-e-shimano\/#breadcrumb\",\"itemListElement\":[{\"@type\":\"ListItem\",\"position\":1,\"name\":\"Home\",\"item\":\"https:\/\/shimanofest.com.br\/\"},{\"@type\":\"ListItem\",\"position\":2,\"name\":\"Atra\u00e7\u00f5es\",\"item\":\"https:\/\/shimanofest.com.br\/index.php\/atracoes\/\"},{\"@type\":\"ListItem\",\"position\":3,\"name\":\"Pedal Santuu e Shimano\"}]},{\"@type\":\"WebSite\",\"@id\":\"https:\/\/shimanofest.com.br\/#website\",\"url\":\"https:\/\/shimanofest.com.br\/\",\"name\":\"Shimano Fest\",\"description\":\"\",\"potentialAction\":[{\"@type\":\"SearchAction\",\"target\":{\"@type\":\"EntryPoint\",\"urlTemplate\":\"https:\/\/shimanofest.com.br\/?s={search_term_string}\"},\"query-input\":\"required name=search_term_string\"}],\"inLanguage\":\"pt-BR\"}]}<\/script>\n<!-- \/ Yoast SEO plugin. -->","yoast_head_json":{"title":"Pedal Santuu e Shimano - Shimano Fest","robots":{"index":"index","follow":"follow","max-snippet":"max-snippet:-1","max-image-preview":"max-image-preview:large","max-video-preview":"max-video-preview:-1"},"canonical":"https:\/\/shimanofest.com.br\/index.php\/atracoes\/pedal-santuu-e-shimano\/","og_locale":"pt_BR","og_type":"article","og_title":"Pedal Santuu e Shimano - Shimano Fest","og_description":"Pedal Santuu Shimano Fest No m\u00eas de agosto, S\u00e3o Paulo se transforma na capital nacional da bicicleta. Al\u00e9m da grande Feira de Neg\u00f3cios da Bicicleta e do maior festival da bike da Am\u00e9rica Latina que acontece no Memorial da Am\u00e9rica Latina em agosto, no domingo dia 23 de manh\u00e3, acontece o maior Passeio Cicl\u00edstico urbano [&hellip;]","og_url":"https:\/\/shimanofest.com.br\/index.php\/atracoes\/pedal-santuu-e-shimano\/","og_site_name":"Shimano Fest","article_modified_time":"2026-04-16T17:49:43+00:00","og_image":[{"url":"https:\/\/shimanofest.com.br\/wp-content\/uploads\/2023\/06\/DJI_0038.jpg"}],"twitter_card":"summary_large_image","twitter_misc":{"Est. tempo de leitura":"2 minutos"},"schema":{"@context":"https:\/\/schema.org","@graph":[{"@type":"WebPage","@id":"https:\/\/shimanofest.com.br\/index.php\/atracoes\/pedal-santuu-e-shimano\/","url":"https:\/\/shimanofest.com.br\/index.php\/atracoes\/pedal-santuu-e-shimano\/","name":"Pedal Santuu e Shimano - Shimano Fest","isPartOf":{"@id":"https:\/\/shimanofest.com.br\/#website"},"datePublished":"2023-05-25T20:24:22+00:00","dateModified":"2026-04-16T17:49:43+00:00","breadcrumb":{"@id":"https:\/\/shimanofest.com.br\/index.php\/atracoes\/pedal-santuu-e-shimano\/#breadcrumb"},"inLanguage":"pt-BR","potentialAction":[{"@type":"ReadAction","target":["https:\/\/shimanofest.com.br\/index.php\/atracoes\/pedal-santuu-e-shimano\/"]}]},{"@type":"BreadcrumbList","@id":"https:\/\/shimanofest.com.br\/index.php\/atracoes\/pedal-santuu-e-shimano\/#breadcrumb","itemListElement":[{"@type":"ListItem","position":1,"name":"Home","item":"https:\/\/shimanofest.com.br\/"},{"@type":"ListItem","position":2,"name":"Atra\u00e7\u00f5es","item":"https:\/\/shimanofest.com.br\/index.php\/atracoes\/"},{"@type":"ListItem","position":3,"name":"Pedal Santuu e Shimano"}]},{"@type":"WebSite","@id":"https:\/\/shimanofest.com.br\/#website","url":"https:\/\/shimanofest.com.br\/","name":"Shimano Fest","description":"","potentialAction":[{"@type":"SearchAction","target":{"@type":"EntryPoint","urlTemplate":"https:\/\/shimanofest.com.br\/?s={search_term_string}"},"query-input":"required name=search_term_string"}],"inLanguage":"pt-BR"}]}},"_links":{"self":[{"href":"https:\/\/shimanofest.com.br\/index.php\/wp-json\/wp\/v2\/pages\/54"}],"collection":[{"href":"https:\/\/shimanofest.com.br\/index.php\/wp-json\/wp\/v2\/pages"}],"about":[{"href":"https:\/\/shimanofest.com.br\/index.php\/wp-json\/wp\/v2\/types\/page"}],"author":[{"embeddable":true,"href":"https:\/\/shimanofest.com.br\/index.php\/wp-json\/wp\/v2\/users\/3"}],"replies":[{"embeddable":true,"href":"https:\/\/shimanofest.com.br\/index.php\/wp-json\/wp\/v2\/comments?post=54"}],"version-history":[{"count":71,"href":"https:\/\/shimanofest.com.br\/index.php\/wp-json\/wp\/v2\/pages\/54\/revisions"}],"predecessor-version":[{"id":5399,"href":"https:\/\/shimanofest.com.br\/index.php\/wp-json\/wp\/v2\/pages\/54\/revisions\/5399"}],"up":[{"embeddable":true,"href":"https:\/\/shimanofest.com.br\/index.php\/wp-json\/wp\/v2\/pages\/22"}],"wp:attachment":[{"href":"https:\/\/shimanofest.com.br\/index.php\/wp-json\/wp\/v2\/media?parent=54"}],"curies":[{"name":"wp","href":"https:\/\/api.w.org\/{rel}","templated":true}]}}