{"id":5558,"date":"2026-05-05T14:34:05","date_gmt":"2026-05-05T17:34:05","guid":{"rendered":"https:\/\/shimanofest.com.br\/?page_id=5558"},"modified":"2026-05-05T17:16:15","modified_gmt":"2026-05-05T20:16:15","slug":"hotel_aereo","status":"publish","type":"page","link":"https:\/\/shimanofest.com.br\/index.php\/hotel_aereo\/","title":{"rendered":"Hotel &#038; A\u00e9reo"},"content":{"rendered":"\t\t<div data-elementor-type=\"wp-page\" data-elementor-id=\"5558\" class=\"elementor elementor-5558\">\n\t\t\t\t\t\t\t<div class=\"elementor-element elementor-element-c810f6f e-con-boxed e-flex e-con\" data-id=\"c810f6f\" data-element_type=\"container\" data-settings=\"{&quot;background_background&quot;:&quot;classic&quot;,&quot;content_width&quot;:&quot;boxed&quot;}\">\n\t\t\t\t\t<div class=\"e-con-inner\">\n\t\t<div class=\"elementor-element elementor-element-2a2acb2 e-con-full e-flex e-con\" data-id=\"2a2acb2\" data-element_type=\"container\" data-settings=\"{&quot;content_width&quot;:&quot;full&quot;}\">\n\t\t\t\t<div class=\"elementor-element elementor-element-f0e43e2 elementor-widget elementor-widget-heading\" data-id=\"f0e43e2\" data-element_type=\"widget\" data-widget_type=\"heading.default\">\n\t\t\t\t<div class=\"elementor-widget-container\">\n\t\t\t<style>\/*! elementor - v3.13.2 - 11-05-2023 *\/\n.elementor-heading-title{padding:0;margin:0;line-height:1}.elementor-widget-heading .elementor-heading-title[class*=elementor-size-]>a{color:inherit;font-size:inherit;line-height:inherit}.elementor-widget-heading .elementor-heading-title.elementor-size-small{font-size:15px}.elementor-widget-heading .elementor-heading-title.elementor-size-medium{font-size:19px}.elementor-widget-heading .elementor-heading-title.elementor-size-large{font-size:29px}.elementor-widget-heading .elementor-heading-title.elementor-size-xl{font-size:39px}.elementor-widget-heading .elementor-heading-title.elementor-size-xxl{font-size:59px}<\/style><h2 class=\"elementor-heading-title elementor-size-default\">Hotel \/ A\u00e9reo<\/h2>\t\t<\/div>\n\t\t\t\t<\/div>\n\t\t\t\t<div class=\"elementor-element elementor-element-bcfe30c elementor-align-center elementor-widget elementor-widget-breadcrumbs\" data-id=\"bcfe30c\" data-element_type=\"widget\" data-widget_type=\"breadcrumbs.default\">\n\t\t\t\t<div class=\"elementor-widget-container\">\n\t\t\t<link rel=\"stylesheet\" href=\"https:\/\/shimanofest.com.br\/wp-content\/plugins\/pro-elements\/assets\/css\/widget-theme-elements.min.css\"><p id=\"breadcrumbs\"><span><span><a href=\"https:\/\/shimanofest.com.br\/\">Home<\/a><\/span><\/span><\/p>\t\t<\/div>\n\t\t\t\t<\/div>\n\t\t\t\t<\/div>\n\t\t<div class=\"elementor-element elementor-element-6398065 e-con-full content-box e-flex e-con\" data-id=\"6398065\" data-element_type=\"container\" data-settings=\"{&quot;content_width&quot;:&quot;full&quot;,&quot;background_background&quot;:&quot;classic&quot;}\">\n\t\t<div class=\"elementor-element elementor-element-3233d1d e-con-full e-flex e-con\" data-id=\"3233d1d\" data-element_type=\"container\" data-settings=\"{&quot;content_width&quot;:&quot;full&quot;,&quot;background_background&quot;:&quot;classic&quot;}\">\n\t\t\t\t<div class=\"elementor-element elementor-element-81c8e6e elementor-widget elementor-widget-image\" data-id=\"81c8e6e\" data-element_type=\"widget\" data-widget_type=\"image.default\">\n\t\t\t\t<div class=\"elementor-widget-container\">\n\t\t\t<style>\/*! elementor - v3.13.2 - 11-05-2023 *\/\n.elementor-widget-image{text-align:center}.elementor-widget-image a{display:inline-block}.elementor-widget-image a img[src$=\".svg\"]{width:48px}.elementor-widget-image img{vertical-align:middle;display:inline-block}<\/style>\t\t\t\t\t\t\t\t\t\t\t\t<img loading=\"lazy\" decoding=\"async\" width=\"800\" height=\"136\" src=\"https:\/\/shimanofest.com.br\/wp-content\/uploads\/2025\/07\/Logo_Quickly_JTB_Vermelho_RGB-1-1024x174.png\" class=\"attachment-large size-large wp-image-4179\" alt=\"\" srcset=\"https:\/\/shimanofest.com.br\/wp-content\/uploads\/2025\/07\/Logo_Quickly_JTB_Vermelho_RGB-1-1024x174.png 1024w, https:\/\/shimanofest.com.br\/wp-content\/uploads\/2025\/07\/Logo_Quickly_JTB_Vermelho_RGB-1-300x51.png 300w, https:\/\/shimanofest.com.br\/wp-content\/uploads\/2025\/07\/Logo_Quickly_JTB_Vermelho_RGB-1-768x131.png 768w, https:\/\/shimanofest.com.br\/wp-content\/uploads\/2025\/07\/Logo_Quickly_JTB_Vermelho_RGB-1-1536x261.png 1536w, https:\/\/shimanofest.com.br\/wp-content\/uploads\/2025\/07\/Logo_Quickly_JTB_Vermelho_RGB-1-2048x348.png 2048w\" sizes=\"(max-width: 800px) 100vw, 800px\" \/>\t\t\t\t\t\t\t\t\t\t\t\t\t\t\t<\/div>\n\t\t\t\t<\/div>\n\t\t\t\t<div class=\"elementor-element elementor-element-ec85786 conteudo elementor-widget elementor-widget-text-editor\" data-id=\"ec85786\" data-element_type=\"widget\" data-widget_type=\"text-editor.default\">\n\t\t\t\t<div class=\"elementor-widget-container\">\n\t\t\t<style>\/*! elementor - v3.13.2 - 11-05-2023 *\/\n.elementor-widget-text-editor.elementor-drop-cap-view-stacked .elementor-drop-cap{background-color:#69727d;color:#fff}.elementor-widget-text-editor.elementor-drop-cap-view-framed .elementor-drop-cap{color:#69727d;border:3px solid;background-color:transparent}.elementor-widget-text-editor:not(.elementor-drop-cap-view-default) .elementor-drop-cap{margin-top:8px}.elementor-widget-text-editor:not(.elementor-drop-cap-view-default) .elementor-drop-cap-letter{width:1em;height:1em}.elementor-widget-text-editor .elementor-drop-cap{float:left;text-align:center;line-height:1;font-size:50px}.elementor-widget-text-editor .elementor-drop-cap-letter{display:inline-block}<\/style>\t\t\t\t<p><span style=\"color: #029fe3;\">Visitantes<\/span><\/p>\n<p>A quantidade de visitantes de todas as partes do Brasil ao evento cresce a cada ano. Nos dias da Feira de Neg\u00f3cios, profissionais do ramo de bicicletas, nutri\u00e7\u00e3o e esporte vem de diversas regi\u00f5es para conhecerem as novidades, aproveitar oportunidades de neg\u00f3cios e fortalecer networking e relacionamento.<\/p>\n<p>Pensando nesse p\u00fablico de fora do estado de S\u00e3o Paulo, a <a href=\"https:\/\/www.quicklytravel.com.br\">Quickly Travel<\/a>, operadora oficial do Festival da Bike, oferece facilidades e condi\u00e7\u00f5es especiais para quem vem de longe. passagens, hospedagem e solu\u00e7\u00f5es com descontos especiais para o p\u00fablico que vem ao Shimano Fest. Mais informa\u00e7\u00f5es podem ser obtidas <span style=\"text-align: var(--text-align);\">diretamente no Link da operadora:<\/span><span style=\"text-align: var(--text-align); color: #555555; font-family: 'Trebuchet MS', sans-serif; font-size: 13.5pt;\">&nbsp;<\/span><a href=\"https:\/\/www.quicklytravel.com.br\">https:\/\/www.quicklytravel.com.br<\/a><span style=\"text-align: var(--text-align); color: #555555; font-family: 'Trebuchet MS', sans-serif; font-size: 13.5pt;\">&nbsp;ou pelo e-mail&nbsp;<\/span><a style=\"text-align: var(--text-align); font-family: 'Trebuchet MS', sans-serif; font-size: 13.5pt; background-color: #ffffff;\" href=\"mailto:shimanofest@quicklytravel.com.br\">shimanofest@quicklytravel.com.br<\/a><span style=\"text-align: var(--text-align); color: #555555; font-family: 'Trebuchet MS', sans-serif; font-size: 13.5pt;\">.<\/span><\/p>\t\t\t\t\t\t<\/div>\n\t\t\t\t<\/div>\n\t\t\t\t<div class=\"elementor-element elementor-element-b0c8850 conteudo elementor-widget elementor-widget-text-editor\" data-id=\"b0c8850\" data-element_type=\"widget\" data-widget_type=\"text-editor.default\">\n\t\t\t\t<div class=\"elementor-widget-container\">\n\t\t\t\t\t\t\t<p><strong><span style=\"color: #029fe3;\">Expositores<\/span><\/strong><\/p><p>Querem dicas\/ajuda de hot\u00e9is ou passagens a\u00e9reas com tarifas diferenciadas para<br \/>empresa? Entre em contato com a Quickly Travel.<\/p><p>Email: <strong><a href=\"mailto:shimanofest@quicklytravel.com.br\">shimanofest@quicklytravel.com.br<\/a><\/strong><\/p><p>Telefone: +55 11 96599-1093<\/p><p>Tiemi Amemia<\/p>\t\t\t\t\t\t<\/div>\n\t\t\t\t<\/div>\n\t\t\t\t<\/div>\n\t\t\t\t<\/div>\n\t\t\t\t\t<\/div>\n\t\t\t\t<\/div>\n\t\t\t\t\t\t\t<\/div>\n\t\t","protected":false},"excerpt":{"rendered":"<p>Hotel \/ A\u00e9reo Visitantes A quantidade de visitantes de todas as partes do Brasil ao evento cresce a cada ano. Nos dias da Feira de Neg\u00f3cios, profissionais do ramo de bicicletas, nutri\u00e7\u00e3o e esporte vem de diversas regi\u00f5es para conhecerem as novidades, aproveitar oportunidades de neg\u00f3cios e fortalecer networking e relacionamento. Pensando nesse p\u00fablico de [&hellip;]<\/p>\n","protected":false},"author":8,"featured_media":0,"parent":0,"menu_order":0,"comment_status":"closed","ping_status":"closed","template":"","meta":{"inline_featured_image":false,"footnotes":""},"acf":[],"yoast_head":"<!-- This site is optimized with the Yoast SEO plugin v20.9 - https:\/\/yoast.com\/wordpress\/plugins\/seo\/ -->\n<title>Hotel &amp; A\u00e9reo - Shimano Fest<\/title>\n<meta name=\"robots\" content=\"index, follow, max-snippet:-1, max-image-preview:large, max-video-preview:-1\" \/>\n<link rel=\"canonical\" href=\"https:\/\/shimanofest.com.br\/index.php\/hotel_aereo\/\" \/>\n<meta property=\"og:locale\" content=\"pt_BR\" \/>\n<meta property=\"og:type\" content=\"article\" \/>\n<meta property=\"og:title\" content=\"Hotel &amp; A\u00e9reo - Shimano Fest\" \/>\n<meta property=\"og:description\" content=\"Hotel \/ A\u00e9reo Visitantes A quantidade de visitantes de todas as partes do Brasil ao evento cresce a cada ano. Nos dias da Feira de Neg\u00f3cios, profissionais do ramo de bicicletas, nutri\u00e7\u00e3o e esporte vem de diversas regi\u00f5es para conhecerem as novidades, aproveitar oportunidades de neg\u00f3cios e fortalecer networking e relacionamento. Pensando nesse p\u00fablico de [&hellip;]\" \/>\n<meta property=\"og:url\" content=\"https:\/\/shimanofest.com.br\/index.php\/hotel_aereo\/\" \/>\n<meta property=\"og:site_name\" content=\"Shimano Fest\" \/>\n<meta property=\"article:modified_time\" content=\"2026-05-05T20:16:15+00:00\" \/>\n<meta property=\"og:image\" content=\"https:\/\/shimanofest.com.br\/wp-content\/uploads\/2025\/07\/Logo_Quickly_JTB_Vermelho_RGB-1-1024x174.png\" \/>\n<meta name=\"twitter:card\" content=\"summary_large_image\" \/>\n<meta name=\"twitter:label1\" content=\"Est. tempo de leitura\" \/>\n\t<meta name=\"twitter:data1\" content=\"1 minuto\" \/>\n<script type=\"application\/ld+json\" class=\"yoast-schema-graph\">{\"@context\":\"https:\/\/schema.org\",\"@graph\":[{\"@type\":\"WebPage\",\"@id\":\"https:\/\/shimanofest.com.br\/index.php\/hotel_aereo\/\",\"url\":\"https:\/\/shimanofest.com.br\/index.php\/hotel_aereo\/\",\"name\":\"Hotel & A\u00e9reo - Shimano Fest\",\"isPartOf\":{\"@id\":\"https:\/\/shimanofest.com.br\/#website\"},\"datePublished\":\"2026-05-05T17:34:05+00:00\",\"dateModified\":\"2026-05-05T20:16:15+00:00\",\"breadcrumb\":{\"@id\":\"https:\/\/shimanofest.com.br\/index.php\/hotel_aereo\/#breadcrumb\"},\"inLanguage\":\"pt-BR\",\"potentialAction\":[{\"@type\":\"ReadAction\",\"target\":[\"https:\/\/shimanofest.com.br\/index.php\/hotel_aereo\/\"]}]},{\"@type\":\"BreadcrumbList\",\"@id\":\"https:\/\/shimanofest.com.br\/index.php\/hotel_aereo\/#breadcrumb\",\"itemListElement\":[{\"@type\":\"ListItem\",\"position\":1,\"name\":\"Home\",\"item\":\"https:\/\/shimanofest.com.br\/\"},{\"@type\":\"ListItem\",\"position\":2,\"name\":\"Hotel &#038; A\u00e9reo\"}]},{\"@type\":\"WebSite\",\"@id\":\"https:\/\/shimanofest.com.br\/#website\",\"url\":\"https:\/\/shimanofest.com.br\/\",\"name\":\"Shimano Fest\",\"description\":\"\",\"potentialAction\":[{\"@type\":\"SearchAction\",\"target\":{\"@type\":\"EntryPoint\",\"urlTemplate\":\"https:\/\/shimanofest.com.br\/?s={search_term_string}\"},\"query-input\":\"required name=search_term_string\"}],\"inLanguage\":\"pt-BR\"}]}<\/script>\n<!-- \/ Yoast SEO plugin. -->","yoast_head_json":{"title":"Hotel & A\u00e9reo - Shimano Fest","robots":{"index":"index","follow":"follow","max-snippet":"max-snippet:-1","max-image-preview":"max-image-preview:large","max-video-preview":"max-video-preview:-1"},"canonical":"https:\/\/shimanofest.com.br\/index.php\/hotel_aereo\/","og_locale":"pt_BR","og_type":"article","og_title":"Hotel & A\u00e9reo - Shimano Fest","og_description":"Hotel \/ A\u00e9reo Visitantes A quantidade de visitantes de todas as partes do Brasil ao evento cresce a cada ano. Nos dias da Feira de Neg\u00f3cios, profissionais do ramo de bicicletas, nutri\u00e7\u00e3o e esporte vem de diversas regi\u00f5es para conhecerem as novidades, aproveitar oportunidades de neg\u00f3cios e fortalecer networking e relacionamento. Pensando nesse p\u00fablico de [&hellip;]","og_url":"https:\/\/shimanofest.com.br\/index.php\/hotel_aereo\/","og_site_name":"Shimano Fest","article_modified_time":"2026-05-05T20:16:15+00:00","og_image":[{"url":"https:\/\/shimanofest.com.br\/wp-content\/uploads\/2025\/07\/Logo_Quickly_JTB_Vermelho_RGB-1-1024x174.png"}],"twitter_card":"summary_large_image","twitter_misc":{"Est. tempo de leitura":"1 minuto"},"schema":{"@context":"https:\/\/schema.org","@graph":[{"@type":"WebPage","@id":"https:\/\/shimanofest.com.br\/index.php\/hotel_aereo\/","url":"https:\/\/shimanofest.com.br\/index.php\/hotel_aereo\/","name":"Hotel & A\u00e9reo - Shimano Fest","isPartOf":{"@id":"https:\/\/shimanofest.com.br\/#website"},"datePublished":"2026-05-05T17:34:05+00:00","dateModified":"2026-05-05T20:16:15+00:00","breadcrumb":{"@id":"https:\/\/shimanofest.com.br\/index.php\/hotel_aereo\/#breadcrumb"},"inLanguage":"pt-BR","potentialAction":[{"@type":"ReadAction","target":["https:\/\/shimanofest.com.br\/index.php\/hotel_aereo\/"]}]},{"@type":"BreadcrumbList","@id":"https:\/\/shimanofest.com.br\/index.php\/hotel_aereo\/#breadcrumb","itemListElement":[{"@type":"ListItem","position":1,"name":"Home","item":"https:\/\/shimanofest.com.br\/"},{"@type":"ListItem","position":2,"name":"Hotel &#038; A\u00e9reo"}]},{"@type":"WebSite","@id":"https:\/\/shimanofest.com.br\/#website","url":"https:\/\/shimanofest.com.br\/","name":"Shimano Fest","description":"","potentialAction":[{"@type":"SearchAction","target":{"@type":"EntryPoint","urlTemplate":"https:\/\/shimanofest.com.br\/?s={search_term_string}"},"query-input":"required name=search_term_string"}],"inLanguage":"pt-BR"}]}},"_links":{"self":[{"href":"https:\/\/shimanofest.com.br\/index.php\/wp-json\/wp\/v2\/pages\/5558"}],"collection":[{"href":"https:\/\/shimanofest.com.br\/index.php\/wp-json\/wp\/v2\/pages"}],"about":[{"href":"https:\/\/shimanofest.com.br\/index.php\/wp-json\/wp\/v2\/types\/page"}],"author":[{"embeddable":true,"href":"https:\/\/shimanofest.com.br\/index.php\/wp-json\/wp\/v2\/users\/8"}],"replies":[{"embeddable":true,"href":"https:\/\/shimanofest.com.br\/index.php\/wp-json\/wp\/v2\/comments?post=5558"}],"version-history":[{"count":11,"href":"https:\/\/shimanofest.com.br\/index.php\/wp-json\/wp\/v2\/pages\/5558\/revisions"}],"predecessor-version":[{"id":5601,"href":"https:\/\/shimanofest.com.br\/index.php\/wp-json\/wp\/v2\/pages\/5558\/revisions\/5601"}],"wp:attachment":[{"href":"https:\/\/shimanofest.com.br\/index.php\/wp-json\/wp\/v2\/media?parent=5558"}],"curies":[{"name":"wp","href":"https:\/\/api.w.org\/{rel}","templated":true}]}}