{"id":56,"date":"2023-05-25T20:24:52","date_gmt":"2023-05-25T20:24:52","guid":{"rendered":"http:\/\/ec2-18-229-160-1.sa-east-1.compute.amazonaws.com\/?page_id=56"},"modified":"2026-04-16T15:30:24","modified_gmt":"2026-04-16T18:30:24","slug":"desafio-mecanico","status":"publish","type":"page","link":"https:\/\/shimanofest.com.br\/index.php\/atracoes\/desafio-mecanico\/","title":{"rendered":"Desafio Mec\u00e2nico"},"content":{"rendered":"\t\t<div data-elementor-type=\"wp-page\" data-elementor-id=\"56\" class=\"elementor elementor-56\">\n\t\t\t\t\t\t\t<div class=\"elementor-element elementor-element-92aad18 e-con-boxed e-flex e-con\" data-id=\"92aad18\" data-element_type=\"container\" data-settings=\"{&quot;background_background&quot;:&quot;classic&quot;,&quot;content_width&quot;:&quot;boxed&quot;}\">\n\t\t\t\t\t<div class=\"e-con-inner\">\n\t\t<div class=\"elementor-element elementor-element-4b786b7 e-con-full e-flex e-con\" data-id=\"4b786b7\" data-element_type=\"container\" data-settings=\"{&quot;content_width&quot;:&quot;full&quot;}\">\n\t\t\t\t<div class=\"elementor-element elementor-element-fef2684 elementor-widget elementor-widget-heading\" data-id=\"fef2684\" data-element_type=\"widget\" data-widget_type=\"heading.default\">\n\t\t\t\t<div class=\"elementor-widget-container\">\n\t\t\t<style>\/*! elementor - v3.13.2 - 11-05-2023 *\/\n.elementor-heading-title{padding:0;margin:0;line-height:1}.elementor-widget-heading .elementor-heading-title[class*=elementor-size-]>a{color:inherit;font-size:inherit;line-height:inherit}.elementor-widget-heading .elementor-heading-title.elementor-size-small{font-size:15px}.elementor-widget-heading .elementor-heading-title.elementor-size-medium{font-size:19px}.elementor-widget-heading .elementor-heading-title.elementor-size-large{font-size:29px}.elementor-widget-heading .elementor-heading-title.elementor-size-xl{font-size:39px}.elementor-widget-heading .elementor-heading-title.elementor-size-xxl{font-size:59px}<\/style><h2 class=\"elementor-heading-title elementor-size-default\">Desafio Mec\u00e2nico<\/h2>\t\t<\/div>\n\t\t\t\t<\/div>\n\t\t\t\t<div class=\"elementor-element elementor-element-d917f6d elementor-align-left elementor-widget elementor-widget-breadcrumbs\" data-id=\"d917f6d\" data-element_type=\"widget\" data-widget_type=\"breadcrumbs.default\">\n\t\t\t\t<div class=\"elementor-widget-container\">\n\t\t\t<link rel=\"stylesheet\" href=\"https:\/\/shimanofest.com.br\/wp-content\/plugins\/pro-elements\/assets\/css\/widget-theme-elements.min.css\"><p id=\"breadcrumbs\"><span><span><a href=\"https:\/\/shimanofest.com.br\/\">Home<\/a><\/span><\/span><\/p>\t\t<\/div>\n\t\t\t\t<\/div>\n\t\t\t\t<\/div>\n\t\t<div class=\"elementor-element elementor-element-3076762 e-con-full content-box e-flex e-con\" data-id=\"3076762\" data-element_type=\"container\" data-settings=\"{&quot;content_width&quot;:&quot;full&quot;,&quot;background_background&quot;:&quot;classic&quot;}\">\n\t\t\t\t<div class=\"elementor-element elementor-element-85c5324 elementor-pagination-position-inside carrossel-conteudo elementor-widget elementor-widget-image-carousel\" data-id=\"85c5324\" data-element_type=\"widget\" data-settings=\"{&quot;slides_to_show&quot;:&quot;1&quot;,&quot;navigation&quot;:&quot;dots&quot;,&quot;autoplay&quot;:&quot;yes&quot;,&quot;pause_on_hover&quot;:&quot;yes&quot;,&quot;pause_on_interaction&quot;:&quot;yes&quot;,&quot;autoplay_speed&quot;:5000,&quot;infinite&quot;:&quot;yes&quot;,&quot;effect&quot;:&quot;slide&quot;,&quot;speed&quot;:500}\" data-widget_type=\"image-carousel.default\">\n\t\t\t\t<div class=\"elementor-widget-container\">\n\t\t\t<style>\/*! elementor - v3.13.2 - 11-05-2023 *\/\n.elementor-widget-image-carousel .swiper,.elementor-widget-image-carousel .swiper-container{position:static}.elementor-widget-image-carousel .swiper-container .swiper-slide figure,.elementor-widget-image-carousel .swiper .swiper-slide figure{line-height:inherit}.elementor-widget-image-carousel .swiper-slide{text-align:center}.elementor-image-carousel-wrapper:not(.swiper-container-initialized):not(.swiper-initialized) .swiper-slide{max-width:calc(100% \/ var(--e-image-carousel-slides-to-show, 3))}<\/style>\t\t<div class=\"elementor-image-carousel-wrapper swiper\" dir=\"ltr\">\n\t\t\t<div class=\"elementor-image-carousel swiper-wrapper\">\n\t\t\t\t\t\t\t\t<div class=\"swiper-slide\"><figure class=\"swiper-slide-inner\"><img decoding=\"async\" class=\"swiper-slide-image\" src=\"https:\/\/shimanofest.com.br\/wp-content\/uploads\/2024\/09\/carrosel-1.jpg\" alt=\"carrosel-1\" \/><\/figure><\/div><div class=\"swiper-slide\"><figure class=\"swiper-slide-inner\"><img decoding=\"async\" class=\"swiper-slide-image\" src=\"https:\/\/shimanofest.com.br\/wp-content\/uploads\/2024\/09\/carrosel-2.jpg\" alt=\"carrosel-2\" \/><\/figure><\/div><div class=\"swiper-slide\"><figure class=\"swiper-slide-inner\"><img decoding=\"async\" class=\"swiper-slide-image\" src=\"https:\/\/shimanofest.com.br\/wp-content\/uploads\/2024\/09\/carrosel-3.jpg\" alt=\"carrosel-3\" \/><\/figure><\/div><div class=\"swiper-slide\"><figure class=\"swiper-slide-inner\"><img decoding=\"async\" class=\"swiper-slide-image\" src=\"https:\/\/shimanofest.com.br\/wp-content\/uploads\/2024\/09\/carrosel-4.jpg\" alt=\"carrosel-4\" \/><\/figure><\/div>\t\t\t<\/div>\n\t\t\t\t\t\t\t\t\t\t\t\t<div class=\"swiper-pagination\"><\/div>\n\t\t\t\t\t\t\t\t\t\t\t\t\t<\/div>\n\t\t\t\t<\/div>\n\t\t\t\t<\/div>\n\t\t\t\t<div class=\"elementor-element elementor-element-8503c36 conteudo elementor-widget elementor-widget-text-editor\" data-id=\"8503c36\" data-element_type=\"widget\" data-widget_type=\"text-editor.default\">\n\t\t\t\t<div class=\"elementor-widget-container\">\n\t\t\t<style>\/*! elementor - v3.13.2 - 11-05-2023 *\/\n.elementor-widget-text-editor.elementor-drop-cap-view-stacked .elementor-drop-cap{background-color:#69727d;color:#fff}.elementor-widget-text-editor.elementor-drop-cap-view-framed .elementor-drop-cap{color:#69727d;border:3px solid;background-color:transparent}.elementor-widget-text-editor:not(.elementor-drop-cap-view-default) .elementor-drop-cap{margin-top:8px}.elementor-widget-text-editor:not(.elementor-drop-cap-view-default) .elementor-drop-cap-letter{width:1em;height:1em}.elementor-widget-text-editor .elementor-drop-cap{float:left;text-align:center;line-height:1;font-size:50px}.elementor-widget-text-editor .elementor-drop-cap-letter{display:inline-block}<\/style>\t\t\t\t<p>H\u00e1 anos a Shimano organiza no Shimano Fest, maior Festival da Bicicleta da Am\u00e9rica Latina, esta competi\u00e7\u00e3o entre mec\u00e2nicos profissionais de bicicleta, onde s\u00e3o avaliados: conhecimento t\u00e9cnico, habilidade, destreza e rapidez em realizar determinadas tarefas apresentadas pelos organizadores. Apesar do car\u00e1ter competitivo do torneio, o maior objetivo \u00e9 promover um momento de descontra\u00e7\u00e3o aos mec\u00e2nicos profissionais, oferecendo entretenimento ao p\u00fablico do festival, valorizando estes profissionais que se dedicam a cuidar de bicicletas de todos os tipos e modelos.<\/p><p><span style=\"color: #00ccff;\"><strong>Como ser\u00e1 a competi\u00e7\u00e3o \u201cDesafio Mec\u00e2nico\u201d:<\/strong><\/span><\/p><p>Nos dias 21 e 22 de agosto, s\u00e1bado e domingo, dias do Festival com grande movimento de p\u00fablico, a organiza\u00e7\u00e3o do Shimano Fest promover\u00e1 o Desafio Mec\u00e2nico que acontecer\u00e1 da seguinte maneira:<\/p><p><span style=\"color: #00ccff;\"><strong>Regras:<\/strong><\/span><\/p><p>Exclusivo para mec\u00e2nicos e mec\u00e2nicas de lojas.<br \/>O desafio s\u00f3 pode ter um mec\u00e2nico(a) por loja.<br \/>Participante deve ser maior de 18 anos.<br \/>Possuir cadastro no S-TEC.<br \/>Responder todas as perguntas com honestidade.<br \/>Todos os participantes dever\u00e3o ser mec\u00e2nicos (as), ou seja, que j\u00e1 tenham cursado algum curso de mec\u00e2nica de bicicleta, com as habilidades para conseguir realizar todos os procedimentos.<br \/>N\u00e3o ser\u00e3o v\u00e1lidas as inscri\u00e7\u00f5es daqueles que n\u00e3o tenham conhecimento sobre mec\u00e2nica de bicicleta.<br \/>O formul\u00e1rio deve ser totalmente preenchido, formul\u00e1rio incompleto ser\u00e1 desclassificado.<br \/>O participante dever\u00e1 se comprometer com o dia de sua participa\u00e7\u00e3o.<br \/>Dever\u00e1 respeitar as regras para caso de desempate.<br \/>Custos de transporte e hospedagem por conta do participante.<\/p>\t\t\t\t\t\t<\/div>\n\t\t\t\t<\/div>\n\t\t\t\t<\/div>\n\t\t\t\t\t<\/div>\n\t\t\t\t<\/div>\n\t\t\t\t\t\t\t<\/div>\n\t\t","protected":false},"excerpt":{"rendered":"<p>Desafio Mec\u00e2nico H\u00e1 anos a Shimano organiza no Shimano Fest, maior Festival da Bicicleta da Am\u00e9rica Latina, esta competi\u00e7\u00e3o entre mec\u00e2nicos profissionais de bicicleta, onde s\u00e3o avaliados: conhecimento t\u00e9cnico, habilidade, destreza e rapidez em realizar determinadas tarefas apresentadas pelos organizadores. Apesar do car\u00e1ter competitivo do torneio, o maior objetivo \u00e9 promover um momento de descontra\u00e7\u00e3o [&hellip;]<\/p>\n","protected":false},"author":3,"featured_media":0,"parent":22,"menu_order":0,"comment_status":"closed","ping_status":"closed","template":"","meta":{"inline_featured_image":false,"footnotes":""},"acf":[],"yoast_head":"<!-- This site is optimized with the Yoast SEO plugin v20.9 - https:\/\/yoast.com\/wordpress\/plugins\/seo\/ -->\n<title>Desafio Mec\u00e2nico - Shimano Fest<\/title>\n<meta name=\"robots\" content=\"index, follow, max-snippet:-1, max-image-preview:large, max-video-preview:-1\" \/>\n<link rel=\"canonical\" href=\"https:\/\/shimanofest.com.br\/index.php\/atracoes\/desafio-mecanico\/\" \/>\n<meta property=\"og:locale\" content=\"pt_BR\" \/>\n<meta property=\"og:type\" content=\"article\" \/>\n<meta property=\"og:title\" content=\"Desafio Mec\u00e2nico - Shimano Fest\" \/>\n<meta property=\"og:description\" content=\"Desafio Mec\u00e2nico H\u00e1 anos a Shimano organiza no Shimano Fest, maior Festival da Bicicleta da Am\u00e9rica Latina, esta competi\u00e7\u00e3o entre mec\u00e2nicos profissionais de bicicleta, onde s\u00e3o avaliados: conhecimento t\u00e9cnico, habilidade, destreza e rapidez em realizar determinadas tarefas apresentadas pelos organizadores. Apesar do car\u00e1ter competitivo do torneio, o maior objetivo \u00e9 promover um momento de descontra\u00e7\u00e3o [&hellip;]\" \/>\n<meta property=\"og:url\" content=\"https:\/\/shimanofest.com.br\/index.php\/atracoes\/desafio-mecanico\/\" \/>\n<meta property=\"og:site_name\" content=\"Shimano Fest\" \/>\n<meta property=\"article:modified_time\" content=\"2026-04-16T18:30:24+00:00\" \/>\n<meta property=\"og:image\" content=\"https:\/\/shimanofest.com.br\/wp-content\/uploads\/2024\/09\/carrosel-1.jpg\" \/>\n<meta name=\"twitter:card\" content=\"summary_large_image\" \/>\n<meta name=\"twitter:label1\" content=\"Est. tempo de leitura\" \/>\n\t<meta name=\"twitter:data1\" content=\"3 minutos\" \/>\n<script type=\"application\/ld+json\" class=\"yoast-schema-graph\">{\"@context\":\"https:\/\/schema.org\",\"@graph\":[{\"@type\":\"WebPage\",\"@id\":\"https:\/\/shimanofest.com.br\/index.php\/atracoes\/desafio-mecanico\/\",\"url\":\"https:\/\/shimanofest.com.br\/index.php\/atracoes\/desafio-mecanico\/\",\"name\":\"Desafio Mec\u00e2nico - Shimano Fest\",\"isPartOf\":{\"@id\":\"https:\/\/shimanofest.com.br\/#website\"},\"datePublished\":\"2023-05-25T20:24:52+00:00\",\"dateModified\":\"2026-04-16T18:30:24+00:00\",\"breadcrumb\":{\"@id\":\"https:\/\/shimanofest.com.br\/index.php\/atracoes\/desafio-mecanico\/#breadcrumb\"},\"inLanguage\":\"pt-BR\",\"potentialAction\":[{\"@type\":\"ReadAction\",\"target\":[\"https:\/\/shimanofest.com.br\/index.php\/atracoes\/desafio-mecanico\/\"]}]},{\"@type\":\"BreadcrumbList\",\"@id\":\"https:\/\/shimanofest.com.br\/index.php\/atracoes\/desafio-mecanico\/#breadcrumb\",\"itemListElement\":[{\"@type\":\"ListItem\",\"position\":1,\"name\":\"Home\",\"item\":\"https:\/\/shimanofest.com.br\/\"},{\"@type\":\"ListItem\",\"position\":2,\"name\":\"Atra\u00e7\u00f5es\",\"item\":\"https:\/\/shimanofest.com.br\/index.php\/atracoes\/\"},{\"@type\":\"ListItem\",\"position\":3,\"name\":\"Desafio Mec\u00e2nico\"}]},{\"@type\":\"WebSite\",\"@id\":\"https:\/\/shimanofest.com.br\/#website\",\"url\":\"https:\/\/shimanofest.com.br\/\",\"name\":\"Shimano Fest\",\"description\":\"\",\"potentialAction\":[{\"@type\":\"SearchAction\",\"target\":{\"@type\":\"EntryPoint\",\"urlTemplate\":\"https:\/\/shimanofest.com.br\/?s={search_term_string}\"},\"query-input\":\"required name=search_term_string\"}],\"inLanguage\":\"pt-BR\"}]}<\/script>\n<!-- \/ Yoast SEO plugin. -->","yoast_head_json":{"title":"Desafio Mec\u00e2nico - Shimano Fest","robots":{"index":"index","follow":"follow","max-snippet":"max-snippet:-1","max-image-preview":"max-image-preview:large","max-video-preview":"max-video-preview:-1"},"canonical":"https:\/\/shimanofest.com.br\/index.php\/atracoes\/desafio-mecanico\/","og_locale":"pt_BR","og_type":"article","og_title":"Desafio Mec\u00e2nico - Shimano Fest","og_description":"Desafio Mec\u00e2nico H\u00e1 anos a Shimano organiza no Shimano Fest, maior Festival da Bicicleta da Am\u00e9rica Latina, esta competi\u00e7\u00e3o entre mec\u00e2nicos profissionais de bicicleta, onde s\u00e3o avaliados: conhecimento t\u00e9cnico, habilidade, destreza e rapidez em realizar determinadas tarefas apresentadas pelos organizadores. Apesar do car\u00e1ter competitivo do torneio, o maior objetivo \u00e9 promover um momento de descontra\u00e7\u00e3o [&hellip;]","og_url":"https:\/\/shimanofest.com.br\/index.php\/atracoes\/desafio-mecanico\/","og_site_name":"Shimano Fest","article_modified_time":"2026-04-16T18:30:24+00:00","og_image":[{"url":"https:\/\/shimanofest.com.br\/wp-content\/uploads\/2024\/09\/carrosel-1.jpg"}],"twitter_card":"summary_large_image","twitter_misc":{"Est. tempo de leitura":"3 minutos"},"schema":{"@context":"https:\/\/schema.org","@graph":[{"@type":"WebPage","@id":"https:\/\/shimanofest.com.br\/index.php\/atracoes\/desafio-mecanico\/","url":"https:\/\/shimanofest.com.br\/index.php\/atracoes\/desafio-mecanico\/","name":"Desafio Mec\u00e2nico - Shimano Fest","isPartOf":{"@id":"https:\/\/shimanofest.com.br\/#website"},"datePublished":"2023-05-25T20:24:52+00:00","dateModified":"2026-04-16T18:30:24+00:00","breadcrumb":{"@id":"https:\/\/shimanofest.com.br\/index.php\/atracoes\/desafio-mecanico\/#breadcrumb"},"inLanguage":"pt-BR","potentialAction":[{"@type":"ReadAction","target":["https:\/\/shimanofest.com.br\/index.php\/atracoes\/desafio-mecanico\/"]}]},{"@type":"BreadcrumbList","@id":"https:\/\/shimanofest.com.br\/index.php\/atracoes\/desafio-mecanico\/#breadcrumb","itemListElement":[{"@type":"ListItem","position":1,"name":"Home","item":"https:\/\/shimanofest.com.br\/"},{"@type":"ListItem","position":2,"name":"Atra\u00e7\u00f5es","item":"https:\/\/shimanofest.com.br\/index.php\/atracoes\/"},{"@type":"ListItem","position":3,"name":"Desafio Mec\u00e2nico"}]},{"@type":"WebSite","@id":"https:\/\/shimanofest.com.br\/#website","url":"https:\/\/shimanofest.com.br\/","name":"Shimano Fest","description":"","potentialAction":[{"@type":"SearchAction","target":{"@type":"EntryPoint","urlTemplate":"https:\/\/shimanofest.com.br\/?s={search_term_string}"},"query-input":"required name=search_term_string"}],"inLanguage":"pt-BR"}]}},"_links":{"self":[{"href":"https:\/\/shimanofest.com.br\/index.php\/wp-json\/wp\/v2\/pages\/56"}],"collection":[{"href":"https:\/\/shimanofest.com.br\/index.php\/wp-json\/wp\/v2\/pages"}],"about":[{"href":"https:\/\/shimanofest.com.br\/index.php\/wp-json\/wp\/v2\/types\/page"}],"author":[{"embeddable":true,"href":"https:\/\/shimanofest.com.br\/index.php\/wp-json\/wp\/v2\/users\/3"}],"replies":[{"embeddable":true,"href":"https:\/\/shimanofest.com.br\/index.php\/wp-json\/wp\/v2\/comments?post=56"}],"version-history":[{"count":58,"href":"https:\/\/shimanofest.com.br\/index.php\/wp-json\/wp\/v2\/pages\/56\/revisions"}],"predecessor-version":[{"id":5432,"href":"https:\/\/shimanofest.com.br\/index.php\/wp-json\/wp\/v2\/pages\/56\/revisions\/5432"}],"up":[{"embeddable":true,"href":"https:\/\/shimanofest.com.br\/index.php\/wp-json\/wp\/v2\/pages\/22"}],"wp:attachment":[{"href":"https:\/\/shimanofest.com.br\/index.php\/wp-json\/wp\/v2\/media?parent=56"}],"curies":[{"name":"wp","href":"https:\/\/api.w.org\/{rel}","templated":true}]}}