{"id":58,"date":"2023-05-25T20:25:13","date_gmt":"2023-05-25T20:25:13","guid":{"rendered":"http:\/\/ec2-18-229-160-1.sa-east-1.compute.amazonaws.com\/?page_id=58"},"modified":"2026-04-10T19:38:15","modified_gmt":"2026-04-10T22:38:15","slug":"estudio-streaming","status":"publish","type":"page","link":"https:\/\/shimanofest.com.br\/index.php\/atracoes\/estudio-streaming\/","title":{"rendered":"Est\u00fadio Shimano Fest &amp; Pedaleria"},"content":{"rendered":"\t\t<div data-elementor-type=\"wp-page\" data-elementor-id=\"58\" class=\"elementor elementor-58\">\n\t\t\t\t\t\t\t<div class=\"elementor-element elementor-element-2d2ad5b e-con-boxed e-flex e-con\" data-id=\"2d2ad5b\" data-element_type=\"container\" data-settings=\"{&quot;background_background&quot;:&quot;classic&quot;,&quot;content_width&quot;:&quot;boxed&quot;}\">\n\t\t\t\t\t<div class=\"e-con-inner\">\n\t\t<div class=\"elementor-element elementor-element-d781a93 e-con-full e-flex e-con\" data-id=\"d781a93\" data-element_type=\"container\" data-settings=\"{&quot;content_width&quot;:&quot;full&quot;}\">\n\t\t\t\t<div class=\"elementor-element elementor-element-7bdc094 elementor-widget elementor-widget-heading\" data-id=\"7bdc094\" data-element_type=\"widget\" data-widget_type=\"heading.default\">\n\t\t\t\t<div class=\"elementor-widget-container\">\n\t\t\t<style>\/*! elementor - v3.13.2 - 11-05-2023 *\/\n.elementor-heading-title{padding:0;margin:0;line-height:1}.elementor-widget-heading .elementor-heading-title[class*=elementor-size-]>a{color:inherit;font-size:inherit;line-height:inherit}.elementor-widget-heading .elementor-heading-title.elementor-size-small{font-size:15px}.elementor-widget-heading .elementor-heading-title.elementor-size-medium{font-size:19px}.elementor-widget-heading .elementor-heading-title.elementor-size-large{font-size:29px}.elementor-widget-heading .elementor-heading-title.elementor-size-xl{font-size:39px}.elementor-widget-heading .elementor-heading-title.elementor-size-xxl{font-size:59px}<\/style><h2 class=\"elementor-heading-title elementor-size-default\">Est\u00fadio Shimano Fest e Pedaleria<\/h2>\t\t<\/div>\n\t\t\t\t<\/div>\n\t\t\t\t<div class=\"elementor-element elementor-element-c71038d elementor-align-left elementor-widget elementor-widget-breadcrumbs\" data-id=\"c71038d\" data-element_type=\"widget\" data-widget_type=\"breadcrumbs.default\">\n\t\t\t\t<div class=\"elementor-widget-container\">\n\t\t\t<link rel=\"stylesheet\" href=\"https:\/\/shimanofest.com.br\/wp-content\/plugins\/pro-elements\/assets\/css\/widget-theme-elements.min.css\"><p id=\"breadcrumbs\"><span><span><a href=\"https:\/\/shimanofest.com.br\/\">Home<\/a><\/span><\/span><\/p>\t\t<\/div>\n\t\t\t\t<\/div>\n\t\t\t\t<\/div>\n\t\t<div class=\"elementor-element elementor-element-19378b4 e-con-full content-box e-flex e-con\" data-id=\"19378b4\" data-element_type=\"container\" data-settings=\"{&quot;content_width&quot;:&quot;full&quot;,&quot;background_background&quot;:&quot;classic&quot;}\">\n\t\t\t\t<div class=\"elementor-element elementor-element-299decc elementor-widget elementor-widget-image\" data-id=\"299decc\" data-element_type=\"widget\" data-widget_type=\"image.default\">\n\t\t\t\t<div class=\"elementor-widget-container\">\n\t\t\t<style>\/*! elementor - v3.13.2 - 11-05-2023 *\/\n.elementor-widget-image{text-align:center}.elementor-widget-image a{display:inline-block}.elementor-widget-image a img[src$=\".svg\"]{width:48px}.elementor-widget-image img{vertical-align:middle;display:inline-block}<\/style>\t\t\t\t\t\t\t\t\t<figure class=\"wp-caption\">\n\t\t\t\t\t\t\t\t\t\t<img loading=\"lazy\" decoding=\"async\" width=\"1500\" height=\"1001\" src=\"https:\/\/shimanofest.com.br\/wp-content\/uploads\/2024\/09\/estudio.jpg\" class=\"attachment-full size-full wp-image-3591\" alt=\"\" srcset=\"https:\/\/shimanofest.com.br\/wp-content\/uploads\/2024\/09\/estudio.jpg 1500w, https:\/\/shimanofest.com.br\/wp-content\/uploads\/2024\/09\/estudio-300x200.jpg 300w, https:\/\/shimanofest.com.br\/wp-content\/uploads\/2024\/09\/estudio-1024x683.jpg 1024w, https:\/\/shimanofest.com.br\/wp-content\/uploads\/2024\/09\/estudio-768x513.jpg 768w\" sizes=\"(max-width: 1500px) 100vw, 1500px\" \/>\t\t\t\t\t\t\t\t\t\t\t<figcaption class=\"widget-image-caption wp-caption-text\"><\/figcaption>\n\t\t\t\t\t\t\t\t\t\t<\/figure>\n\t\t\t\t\t\t\t\t\t<\/div>\n\t\t\t\t<\/div>\n\t\t\t\t<\/div>\n\t\t\t\t<div class=\"elementor-element elementor-element-0695187 elementor-widget__width-initial elementor-widget elementor-widget-text-editor\" data-id=\"0695187\" data-element_type=\"widget\" data-widget_type=\"text-editor.default\">\n\t\t\t\t<div class=\"elementor-widget-container\">\n\t\t\t<style>\/*! elementor - v3.13.2 - 11-05-2023 *\/\n.elementor-widget-text-editor.elementor-drop-cap-view-stacked .elementor-drop-cap{background-color:#69727d;color:#fff}.elementor-widget-text-editor.elementor-drop-cap-view-framed .elementor-drop-cap{color:#69727d;border:3px solid;background-color:transparent}.elementor-widget-text-editor:not(.elementor-drop-cap-view-default) .elementor-drop-cap{margin-top:8px}.elementor-widget-text-editor:not(.elementor-drop-cap-view-default) .elementor-drop-cap-letter{width:1em;height:1em}.elementor-widget-text-editor .elementor-drop-cap{float:left;text-align:center;line-height:1;font-size:50px}.elementor-widget-text-editor .elementor-drop-cap-letter{display:inline-block}<\/style>\t\t\t\t<p><\/p>\n<p>Em 2025, Shimano Fest e a <strong>incr\u00edvel<\/strong> parceria que vem de longa data com o Canal Pedaleria, &nbsp;<strong>uma refer\u00eancia sobre o tem da bike<\/strong> no Youtube, que apresenta v\u00e1rias dicas, curiosidades, novidades do mundo da bike, <strong>tudo de forma bem divertida e did\u00e1tica<\/strong>. &nbsp;<\/p>\n<p>Esse ano, a Pedaleria ser\u00e1 o apresentador do Est\u00fadio Shimano Fest, apresentando ao vivo nos 4 dias de evento, conte\u00fados quent\u00edssimos da Feira, do Festival e do Universo da bike. Uma programa\u00e7\u00e3o para l\u00e1 de divertida com Edu Capivara e Fernando Campoi.<\/p>\n<p><\/p>\t\t\t\t\t\t<\/div>\n\t\t\t\t<\/div>\n\t\t\t\t\t<\/div>\n\t\t\t\t<\/div>\n\t\t\t\t\t\t\t<\/div>\n\t\t","protected":false},"excerpt":{"rendered":"<p>Est\u00fadio Shimano Fest e Pedaleria Em 2025, Shimano Fest e a incr\u00edvel parceria que vem de longa data com o Canal Pedaleria, &nbsp;uma refer\u00eancia sobre o tem da bike no Youtube, que apresenta v\u00e1rias dicas, curiosidades, novidades do mundo da bike, tudo de forma bem divertida e did\u00e1tica. &nbsp; Esse ano, a Pedaleria ser\u00e1 o [&hellip;]<\/p>\n","protected":false},"author":3,"featured_media":0,"parent":22,"menu_order":0,"comment_status":"closed","ping_status":"closed","template":"","meta":{"inline_featured_image":false,"footnotes":""},"acf":[],"yoast_head":"<!-- This site is optimized with the Yoast SEO plugin v20.9 - https:\/\/yoast.com\/wordpress\/plugins\/seo\/ -->\n<title>Est\u00fadio Shimano Fest &amp; Pedaleria - Shimano Fest<\/title>\n<meta name=\"description\" content=\"Nosso est\u00fadio para o &quot;ao vivo&quot; em parceria com a Alpha FM e apresenta\u00e7\u00e3o de Ana Polegatch e Edu Gasperini\" \/>\n<meta name=\"robots\" content=\"index, follow, max-snippet:-1, max-image-preview:large, max-video-preview:-1\" \/>\n<link rel=\"canonical\" href=\"https:\/\/shimanofest.com.br\/index.php\/atracoes\/estudio-streaming\/\" \/>\n<meta property=\"og:locale\" content=\"pt_BR\" \/>\n<meta property=\"og:type\" content=\"article\" \/>\n<meta property=\"og:title\" content=\"Est\u00fadio Shimano Fest &amp; Pedaleria - Shimano Fest\" \/>\n<meta property=\"og:description\" content=\"Nosso est\u00fadio para o &quot;ao vivo&quot; em parceria com a Alpha FM e apresenta\u00e7\u00e3o de Ana Polegatch e Edu Gasperini\" \/>\n<meta property=\"og:url\" content=\"https:\/\/shimanofest.com.br\/index.php\/atracoes\/estudio-streaming\/\" \/>\n<meta property=\"og:site_name\" content=\"Shimano Fest\" \/>\n<meta property=\"article:modified_time\" content=\"2026-04-10T22:38:15+00:00\" \/>\n<meta property=\"og:image\" content=\"https:\/\/shimanofest.com.br\/wp-content\/uploads\/2024\/09\/estudio.jpg\" \/>\n<meta name=\"twitter:card\" content=\"summary_large_image\" \/>\n<meta name=\"twitter:label1\" content=\"Est. tempo de leitura\" \/>\n\t<meta name=\"twitter:data1\" content=\"1 minuto\" \/>\n<script type=\"application\/ld+json\" class=\"yoast-schema-graph\">{\"@context\":\"https:\/\/schema.org\",\"@graph\":[{\"@type\":\"WebPage\",\"@id\":\"https:\/\/shimanofest.com.br\/index.php\/atracoes\/estudio-streaming\/\",\"url\":\"https:\/\/shimanofest.com.br\/index.php\/atracoes\/estudio-streaming\/\",\"name\":\"Est\u00fadio Shimano Fest &amp; Pedaleria - Shimano Fest\",\"isPartOf\":{\"@id\":\"https:\/\/shimanofest.com.br\/#website\"},\"datePublished\":\"2023-05-25T20:25:13+00:00\",\"dateModified\":\"2026-04-10T22:38:15+00:00\",\"description\":\"Nosso est\u00fadio para o \\\"ao vivo\\\" em parceria com a Alpha FM e apresenta\u00e7\u00e3o de Ana Polegatch e Edu Gasperini\",\"breadcrumb\":{\"@id\":\"https:\/\/shimanofest.com.br\/index.php\/atracoes\/estudio-streaming\/#breadcrumb\"},\"inLanguage\":\"pt-BR\",\"potentialAction\":[{\"@type\":\"ReadAction\",\"target\":[\"https:\/\/shimanofest.com.br\/index.php\/atracoes\/estudio-streaming\/\"]}]},{\"@type\":\"BreadcrumbList\",\"@id\":\"https:\/\/shimanofest.com.br\/index.php\/atracoes\/estudio-streaming\/#breadcrumb\",\"itemListElement\":[{\"@type\":\"ListItem\",\"position\":1,\"name\":\"Home\",\"item\":\"https:\/\/shimanofest.com.br\/\"},{\"@type\":\"ListItem\",\"position\":2,\"name\":\"Atra\u00e7\u00f5es\",\"item\":\"https:\/\/shimanofest.com.br\/index.php\/atracoes\/\"},{\"@type\":\"ListItem\",\"position\":3,\"name\":\"Est\u00fadio Shimano Fest &amp; Pedaleria\"}]},{\"@type\":\"WebSite\",\"@id\":\"https:\/\/shimanofest.com.br\/#website\",\"url\":\"https:\/\/shimanofest.com.br\/\",\"name\":\"Shimano Fest\",\"description\":\"\",\"potentialAction\":[{\"@type\":\"SearchAction\",\"target\":{\"@type\":\"EntryPoint\",\"urlTemplate\":\"https:\/\/shimanofest.com.br\/?s={search_term_string}\"},\"query-input\":\"required name=search_term_string\"}],\"inLanguage\":\"pt-BR\"}]}<\/script>\n<!-- \/ Yoast SEO plugin. -->","yoast_head_json":{"title":"Est\u00fadio Shimano Fest &amp; Pedaleria - Shimano Fest","description":"Nosso est\u00fadio para o \"ao vivo\" em parceria com a Alpha FM e apresenta\u00e7\u00e3o de Ana Polegatch e Edu Gasperini","robots":{"index":"index","follow":"follow","max-snippet":"max-snippet:-1","max-image-preview":"max-image-preview:large","max-video-preview":"max-video-preview:-1"},"canonical":"https:\/\/shimanofest.com.br\/index.php\/atracoes\/estudio-streaming\/","og_locale":"pt_BR","og_type":"article","og_title":"Est\u00fadio Shimano Fest &amp; Pedaleria - Shimano Fest","og_description":"Nosso est\u00fadio para o \"ao vivo\" em parceria com a Alpha FM e apresenta\u00e7\u00e3o de Ana Polegatch e Edu Gasperini","og_url":"https:\/\/shimanofest.com.br\/index.php\/atracoes\/estudio-streaming\/","og_site_name":"Shimano Fest","article_modified_time":"2026-04-10T22:38:15+00:00","og_image":[{"url":"https:\/\/shimanofest.com.br\/wp-content\/uploads\/2024\/09\/estudio.jpg"}],"twitter_card":"summary_large_image","twitter_misc":{"Est. tempo de leitura":"1 minuto"},"schema":{"@context":"https:\/\/schema.org","@graph":[{"@type":"WebPage","@id":"https:\/\/shimanofest.com.br\/index.php\/atracoes\/estudio-streaming\/","url":"https:\/\/shimanofest.com.br\/index.php\/atracoes\/estudio-streaming\/","name":"Est\u00fadio Shimano Fest &amp; Pedaleria - Shimano Fest","isPartOf":{"@id":"https:\/\/shimanofest.com.br\/#website"},"datePublished":"2023-05-25T20:25:13+00:00","dateModified":"2026-04-10T22:38:15+00:00","description":"Nosso est\u00fadio para o \"ao vivo\" em parceria com a Alpha FM e apresenta\u00e7\u00e3o de Ana Polegatch e Edu Gasperini","breadcrumb":{"@id":"https:\/\/shimanofest.com.br\/index.php\/atracoes\/estudio-streaming\/#breadcrumb"},"inLanguage":"pt-BR","potentialAction":[{"@type":"ReadAction","target":["https:\/\/shimanofest.com.br\/index.php\/atracoes\/estudio-streaming\/"]}]},{"@type":"BreadcrumbList","@id":"https:\/\/shimanofest.com.br\/index.php\/atracoes\/estudio-streaming\/#breadcrumb","itemListElement":[{"@type":"ListItem","position":1,"name":"Home","item":"https:\/\/shimanofest.com.br\/"},{"@type":"ListItem","position":2,"name":"Atra\u00e7\u00f5es","item":"https:\/\/shimanofest.com.br\/index.php\/atracoes\/"},{"@type":"ListItem","position":3,"name":"Est\u00fadio Shimano Fest &amp; Pedaleria"}]},{"@type":"WebSite","@id":"https:\/\/shimanofest.com.br\/#website","url":"https:\/\/shimanofest.com.br\/","name":"Shimano Fest","description":"","potentialAction":[{"@type":"SearchAction","target":{"@type":"EntryPoint","urlTemplate":"https:\/\/shimanofest.com.br\/?s={search_term_string}"},"query-input":"required name=search_term_string"}],"inLanguage":"pt-BR"}]}},"_links":{"self":[{"href":"https:\/\/shimanofest.com.br\/index.php\/wp-json\/wp\/v2\/pages\/58"}],"collection":[{"href":"https:\/\/shimanofest.com.br\/index.php\/wp-json\/wp\/v2\/pages"}],"about":[{"href":"https:\/\/shimanofest.com.br\/index.php\/wp-json\/wp\/v2\/types\/page"}],"author":[{"embeddable":true,"href":"https:\/\/shimanofest.com.br\/index.php\/wp-json\/wp\/v2\/users\/3"}],"replies":[{"embeddable":true,"href":"https:\/\/shimanofest.com.br\/index.php\/wp-json\/wp\/v2\/comments?post=58"}],"version-history":[{"count":72,"href":"https:\/\/shimanofest.com.br\/index.php\/wp-json\/wp\/v2\/pages\/58\/revisions"}],"predecessor-version":[{"id":5342,"href":"https:\/\/shimanofest.com.br\/index.php\/wp-json\/wp\/v2\/pages\/58\/revisions\/5342"}],"up":[{"embeddable":true,"href":"https:\/\/shimanofest.com.br\/index.php\/wp-json\/wp\/v2\/pages\/22"}],"wp:attachment":[{"href":"https:\/\/shimanofest.com.br\/index.php\/wp-json\/wp\/v2\/media?parent=58"}],"curies":[{"name":"wp","href":"https:\/\/api.w.org\/{rel}","templated":true}]}}