{"id":60,"date":"2023-05-25T20:25:32","date_gmt":"2023-05-25T20:25:32","guid":{"rendered":"http:\/\/ec2-18-229-160-1.sa-east-1.compute.amazonaws.com\/?page_id=60"},"modified":"2026-04-16T13:06:17","modified_gmt":"2026-04-16T16:06:17","slug":"praca-de-alimentacao","status":"publish","type":"page","link":"https:\/\/shimanofest.com.br\/index.php\/atracoes\/praca-de-alimentacao\/","title":{"rendered":"Pra\u00e7a de Alimenta\u00e7\u00e3o"},"content":{"rendered":"\t\t<div data-elementor-type=\"wp-page\" data-elementor-id=\"60\" class=\"elementor elementor-60\">\n\t\t\t\t\t\t\t<div class=\"elementor-element elementor-element-64a7ed4 e-con-boxed e-flex e-con\" data-id=\"64a7ed4\" data-element_type=\"container\" data-settings=\"{&quot;background_background&quot;:&quot;classic&quot;,&quot;content_width&quot;:&quot;boxed&quot;}\">\n\t\t\t\t\t<div class=\"e-con-inner\">\n\t\t<div class=\"elementor-element elementor-element-81d617f e-con-full e-flex e-con\" data-id=\"81d617f\" data-element_type=\"container\" data-settings=\"{&quot;content_width&quot;:&quot;full&quot;}\">\n\t\t\t\t<div class=\"elementor-element elementor-element-662c6f0 elementor-widget elementor-widget-heading\" data-id=\"662c6f0\" data-element_type=\"widget\" data-widget_type=\"heading.default\">\n\t\t\t\t<div class=\"elementor-widget-container\">\n\t\t\t<style>\/*! elementor - v3.13.2 - 11-05-2023 *\/\n.elementor-heading-title{padding:0;margin:0;line-height:1}.elementor-widget-heading .elementor-heading-title[class*=elementor-size-]>a{color:inherit;font-size:inherit;line-height:inherit}.elementor-widget-heading .elementor-heading-title.elementor-size-small{font-size:15px}.elementor-widget-heading .elementor-heading-title.elementor-size-medium{font-size:19px}.elementor-widget-heading .elementor-heading-title.elementor-size-large{font-size:29px}.elementor-widget-heading .elementor-heading-title.elementor-size-xl{font-size:39px}.elementor-widget-heading .elementor-heading-title.elementor-size-xxl{font-size:59px}<\/style><h2 class=\"elementor-heading-title elementor-size-default\">Pra\u00e7a de Alimenta\u00e7\u00e3o<\/h2>\t\t<\/div>\n\t\t\t\t<\/div>\n\t\t\t\t<div class=\"elementor-element elementor-element-e41b700 elementor-align-left elementor-widget elementor-widget-breadcrumbs\" data-id=\"e41b700\" data-element_type=\"widget\" data-widget_type=\"breadcrumbs.default\">\n\t\t\t\t<div class=\"elementor-widget-container\">\n\t\t\t<link rel=\"stylesheet\" href=\"https:\/\/shimanofest.com.br\/wp-content\/plugins\/pro-elements\/assets\/css\/widget-theme-elements.min.css\"><p id=\"breadcrumbs\"><span><span><a href=\"https:\/\/shimanofest.com.br\/\">Home<\/a><\/span><\/span><\/p>\t\t<\/div>\n\t\t\t\t<\/div>\n\t\t\t\t<\/div>\n\t\t<div class=\"elementor-element elementor-element-f4dfa4e e-con-full content-box e-flex e-con\" data-id=\"f4dfa4e\" data-element_type=\"container\" data-settings=\"{&quot;content_width&quot;:&quot;full&quot;,&quot;background_background&quot;:&quot;classic&quot;}\">\n\t\t\t\t<div class=\"elementor-element elementor-element-4974747 elementor-widget elementor-widget-image\" data-id=\"4974747\" data-element_type=\"widget\" data-widget_type=\"image.default\">\n\t\t\t\t<div class=\"elementor-widget-container\">\n\t\t\t<style>\/*! elementor - v3.13.2 - 11-05-2023 *\/\n.elementor-widget-image{text-align:center}.elementor-widget-image a{display:inline-block}.elementor-widget-image a img[src$=\".svg\"]{width:48px}.elementor-widget-image img{vertical-align:middle;display:inline-block}<\/style>\t\t\t\t\t\t\t\t\t\t\t\t<img loading=\"lazy\" decoding=\"async\" width=\"2560\" height=\"1707\" src=\"https:\/\/shimanofest.com.br\/wp-content\/uploads\/2026\/04\/25SFEST01844-scaled.jpg\" class=\"attachment-full size-full wp-image-5346\" alt=\"\" srcset=\"https:\/\/shimanofest.com.br\/wp-content\/uploads\/2026\/04\/25SFEST01844-scaled.jpg 2560w, https:\/\/shimanofest.com.br\/wp-content\/uploads\/2026\/04\/25SFEST01844-300x200.jpg 300w, https:\/\/shimanofest.com.br\/wp-content\/uploads\/2026\/04\/25SFEST01844-1024x683.jpg 1024w, https:\/\/shimanofest.com.br\/wp-content\/uploads\/2026\/04\/25SFEST01844-768x512.jpg 768w, https:\/\/shimanofest.com.br\/wp-content\/uploads\/2026\/04\/25SFEST01844-1536x1024.jpg 1536w, https:\/\/shimanofest.com.br\/wp-content\/uploads\/2026\/04\/25SFEST01844-2048x1365.jpg 2048w\" sizes=\"(max-width: 2560px) 100vw, 2560px\" \/>\t\t\t\t\t\t\t\t\t\t\t\t\t\t\t<\/div>\n\t\t\t\t<\/div>\n\t\t\t\t<div class=\"elementor-element elementor-element-bdf631a conteudo elementor-widget__width-initial elementor-widget elementor-widget-text-editor\" data-id=\"bdf631a\" data-element_type=\"widget\" data-widget_type=\"text-editor.default\">\n\t\t\t\t<div class=\"elementor-widget-container\">\n\t\t\t<style>\/*! elementor - v3.13.2 - 11-05-2023 *\/\n.elementor-widget-text-editor.elementor-drop-cap-view-stacked .elementor-drop-cap{background-color:#69727d;color:#fff}.elementor-widget-text-editor.elementor-drop-cap-view-framed .elementor-drop-cap{color:#69727d;border:3px solid;background-color:transparent}.elementor-widget-text-editor:not(.elementor-drop-cap-view-default) .elementor-drop-cap{margin-top:8px}.elementor-widget-text-editor:not(.elementor-drop-cap-view-default) .elementor-drop-cap-letter{width:1em;height:1em}.elementor-widget-text-editor .elementor-drop-cap{float:left;text-align:center;line-height:1;font-size:50px}.elementor-widget-text-editor .elementor-drop-cap-letter{display:inline-block}<\/style>\t\t\t\t<p>Todo Festival tem que ter boas atra\u00e7\u00f5es, boa m\u00fasica e Boa Comida! No Shimano Fest 2026 ser\u00e3o 2 Pra\u00e7as de Alimenta\u00e7\u00e3o:\u00a0<\/p><p>Uma do Lado da Entrada Oficial (Pra\u00e7a das Sombras)<\/p><p>A outra do Lado das Tendas Maiores (Tenda Expo), ou Lado da M\u00e3o.<\/p><p>Ser\u00e3o Food Trucks, Food Bikes e Bikes Caf\u00e9s, com uma sele\u00e7\u00e3o de diferentes alternativas desde comida vegetariana at\u00e9 Burgers, crepes e sandu\u00edches.<\/p><p>Al\u00e9m daquele Chopp gelado para descontrair depois dos neg\u00f3cios e na hora do show!<\/p>\t\t\t\t\t\t<\/div>\n\t\t\t\t<\/div>\n\t\t\t\t<\/div>\n\t\t\t\t\t<\/div>\n\t\t\t\t<\/div>\n\t\t\t\t\t\t\t<\/div>\n\t\t","protected":false},"excerpt":{"rendered":"<p>Pra\u00e7a de Alimenta\u00e7\u00e3o Todo Festival tem que ter boas atra\u00e7\u00f5es, boa m\u00fasica e Boa Comida! No Shimano Fest 2026 ser\u00e3o 2 Pra\u00e7as de Alimenta\u00e7\u00e3o:\u00a0 Uma do Lado da Entrada Oficial (Pra\u00e7a das Sombras) A outra do Lado das Tendas Maiores (Tenda Expo), ou Lado da M\u00e3o. Ser\u00e3o Food Trucks, Food Bikes e Bikes Caf\u00e9s, com [&hellip;]<\/p>\n","protected":false},"author":3,"featured_media":0,"parent":22,"menu_order":0,"comment_status":"closed","ping_status":"closed","template":"","meta":{"inline_featured_image":false,"footnotes":""},"acf":[],"yoast_head":"<!-- This site is optimized with the Yoast SEO plugin v20.9 - https:\/\/yoast.com\/wordpress\/plugins\/seo\/ -->\n<title>Pra\u00e7a de Alimenta\u00e7\u00e3o - Shimano Fest<\/title>\n<meta name=\"robots\" content=\"index, follow, max-snippet:-1, max-image-preview:large, max-video-preview:-1\" \/>\n<link rel=\"canonical\" href=\"https:\/\/shimanofest.com.br\/index.php\/atracoes\/praca-de-alimentacao\/\" \/>\n<meta property=\"og:locale\" content=\"pt_BR\" \/>\n<meta property=\"og:type\" content=\"article\" \/>\n<meta property=\"og:title\" content=\"Pra\u00e7a de Alimenta\u00e7\u00e3o - Shimano Fest\" \/>\n<meta property=\"og:description\" content=\"Pra\u00e7a de Alimenta\u00e7\u00e3o Todo Festival tem que ter boas atra\u00e7\u00f5es, boa m\u00fasica e Boa Comida! No Shimano Fest 2026 ser\u00e3o 2 Pra\u00e7as de Alimenta\u00e7\u00e3o:\u00a0 Uma do Lado da Entrada Oficial (Pra\u00e7a das Sombras) A outra do Lado das Tendas Maiores (Tenda Expo), ou Lado da M\u00e3o. Ser\u00e3o Food Trucks, Food Bikes e Bikes Caf\u00e9s, com [&hellip;]\" \/>\n<meta property=\"og:url\" content=\"https:\/\/shimanofest.com.br\/index.php\/atracoes\/praca-de-alimentacao\/\" \/>\n<meta property=\"og:site_name\" content=\"Shimano Fest\" \/>\n<meta property=\"article:modified_time\" content=\"2026-04-16T16:06:17+00:00\" \/>\n<meta property=\"og:image\" content=\"https:\/\/shimanofest.com.br\/wp-content\/uploads\/2026\/04\/25SFEST01844-scaled.jpg\" \/>\n<meta name=\"twitter:card\" content=\"summary_large_image\" \/>\n<meta name=\"twitter:label1\" content=\"Est. tempo de leitura\" \/>\n\t<meta name=\"twitter:data1\" content=\"1 minuto\" \/>\n<script type=\"application\/ld+json\" class=\"yoast-schema-graph\">{\"@context\":\"https:\/\/schema.org\",\"@graph\":[{\"@type\":\"WebPage\",\"@id\":\"https:\/\/shimanofest.com.br\/index.php\/atracoes\/praca-de-alimentacao\/\",\"url\":\"https:\/\/shimanofest.com.br\/index.php\/atracoes\/praca-de-alimentacao\/\",\"name\":\"Pra\u00e7a de Alimenta\u00e7\u00e3o - Shimano Fest\",\"isPartOf\":{\"@id\":\"https:\/\/shimanofest.com.br\/#website\"},\"datePublished\":\"2023-05-25T20:25:32+00:00\",\"dateModified\":\"2026-04-16T16:06:17+00:00\",\"breadcrumb\":{\"@id\":\"https:\/\/shimanofest.com.br\/index.php\/atracoes\/praca-de-alimentacao\/#breadcrumb\"},\"inLanguage\":\"pt-BR\",\"potentialAction\":[{\"@type\":\"ReadAction\",\"target\":[\"https:\/\/shimanofest.com.br\/index.php\/atracoes\/praca-de-alimentacao\/\"]}]},{\"@type\":\"BreadcrumbList\",\"@id\":\"https:\/\/shimanofest.com.br\/index.php\/atracoes\/praca-de-alimentacao\/#breadcrumb\",\"itemListElement\":[{\"@type\":\"ListItem\",\"position\":1,\"name\":\"Home\",\"item\":\"https:\/\/shimanofest.com.br\/\"},{\"@type\":\"ListItem\",\"position\":2,\"name\":\"Atra\u00e7\u00f5es\",\"item\":\"https:\/\/shimanofest.com.br\/index.php\/atracoes\/\"},{\"@type\":\"ListItem\",\"position\":3,\"name\":\"Pra\u00e7a de Alimenta\u00e7\u00e3o\"}]},{\"@type\":\"WebSite\",\"@id\":\"https:\/\/shimanofest.com.br\/#website\",\"url\":\"https:\/\/shimanofest.com.br\/\",\"name\":\"Shimano Fest\",\"description\":\"\",\"potentialAction\":[{\"@type\":\"SearchAction\",\"target\":{\"@type\":\"EntryPoint\",\"urlTemplate\":\"https:\/\/shimanofest.com.br\/?s={search_term_string}\"},\"query-input\":\"required name=search_term_string\"}],\"inLanguage\":\"pt-BR\"}]}<\/script>\n<!-- \/ Yoast SEO plugin. -->","yoast_head_json":{"title":"Pra\u00e7a de Alimenta\u00e7\u00e3o - Shimano Fest","robots":{"index":"index","follow":"follow","max-snippet":"max-snippet:-1","max-image-preview":"max-image-preview:large","max-video-preview":"max-video-preview:-1"},"canonical":"https:\/\/shimanofest.com.br\/index.php\/atracoes\/praca-de-alimentacao\/","og_locale":"pt_BR","og_type":"article","og_title":"Pra\u00e7a de Alimenta\u00e7\u00e3o - Shimano Fest","og_description":"Pra\u00e7a de Alimenta\u00e7\u00e3o Todo Festival tem que ter boas atra\u00e7\u00f5es, boa m\u00fasica e Boa Comida! No Shimano Fest 2026 ser\u00e3o 2 Pra\u00e7as de Alimenta\u00e7\u00e3o:\u00a0 Uma do Lado da Entrada Oficial (Pra\u00e7a das Sombras) A outra do Lado das Tendas Maiores (Tenda Expo), ou Lado da M\u00e3o. Ser\u00e3o Food Trucks, Food Bikes e Bikes Caf\u00e9s, com [&hellip;]","og_url":"https:\/\/shimanofest.com.br\/index.php\/atracoes\/praca-de-alimentacao\/","og_site_name":"Shimano Fest","article_modified_time":"2026-04-16T16:06:17+00:00","og_image":[{"url":"https:\/\/shimanofest.com.br\/wp-content\/uploads\/2026\/04\/25SFEST01844-scaled.jpg"}],"twitter_card":"summary_large_image","twitter_misc":{"Est. tempo de leitura":"1 minuto"},"schema":{"@context":"https:\/\/schema.org","@graph":[{"@type":"WebPage","@id":"https:\/\/shimanofest.com.br\/index.php\/atracoes\/praca-de-alimentacao\/","url":"https:\/\/shimanofest.com.br\/index.php\/atracoes\/praca-de-alimentacao\/","name":"Pra\u00e7a de Alimenta\u00e7\u00e3o - Shimano Fest","isPartOf":{"@id":"https:\/\/shimanofest.com.br\/#website"},"datePublished":"2023-05-25T20:25:32+00:00","dateModified":"2026-04-16T16:06:17+00:00","breadcrumb":{"@id":"https:\/\/shimanofest.com.br\/index.php\/atracoes\/praca-de-alimentacao\/#breadcrumb"},"inLanguage":"pt-BR","potentialAction":[{"@type":"ReadAction","target":["https:\/\/shimanofest.com.br\/index.php\/atracoes\/praca-de-alimentacao\/"]}]},{"@type":"BreadcrumbList","@id":"https:\/\/shimanofest.com.br\/index.php\/atracoes\/praca-de-alimentacao\/#breadcrumb","itemListElement":[{"@type":"ListItem","position":1,"name":"Home","item":"https:\/\/shimanofest.com.br\/"},{"@type":"ListItem","position":2,"name":"Atra\u00e7\u00f5es","item":"https:\/\/shimanofest.com.br\/index.php\/atracoes\/"},{"@type":"ListItem","position":3,"name":"Pra\u00e7a de Alimenta\u00e7\u00e3o"}]},{"@type":"WebSite","@id":"https:\/\/shimanofest.com.br\/#website","url":"https:\/\/shimanofest.com.br\/","name":"Shimano Fest","description":"","potentialAction":[{"@type":"SearchAction","target":{"@type":"EntryPoint","urlTemplate":"https:\/\/shimanofest.com.br\/?s={search_term_string}"},"query-input":"required name=search_term_string"}],"inLanguage":"pt-BR"}]}},"_links":{"self":[{"href":"https:\/\/shimanofest.com.br\/index.php\/wp-json\/wp\/v2\/pages\/60"}],"collection":[{"href":"https:\/\/shimanofest.com.br\/index.php\/wp-json\/wp\/v2\/pages"}],"about":[{"href":"https:\/\/shimanofest.com.br\/index.php\/wp-json\/wp\/v2\/types\/page"}],"author":[{"embeddable":true,"href":"https:\/\/shimanofest.com.br\/index.php\/wp-json\/wp\/v2\/users\/3"}],"replies":[{"embeddable":true,"href":"https:\/\/shimanofest.com.br\/index.php\/wp-json\/wp\/v2\/comments?post=60"}],"version-history":[{"count":28,"href":"https:\/\/shimanofest.com.br\/index.php\/wp-json\/wp\/v2\/pages\/60\/revisions"}],"predecessor-version":[{"id":5377,"href":"https:\/\/shimanofest.com.br\/index.php\/wp-json\/wp\/v2\/pages\/60\/revisions\/5377"}],"up":[{"embeddable":true,"href":"https:\/\/shimanofest.com.br\/index.php\/wp-json\/wp\/v2\/pages\/22"}],"wp:attachment":[{"href":"https:\/\/shimanofest.com.br\/index.php\/wp-json\/wp\/v2\/media?parent=60"}],"curies":[{"name":"wp","href":"https:\/\/api.w.org\/{rel}","templated":true}]}}